{"id":779,"date":"2024-01-10T11:46:03","date_gmt":"2024-01-10T08:46:03","guid":{"rendered":"https:\/\/kki.oqk.mybluehost.me\/?post_type=product&#038;p=779"},"modified":"2026-03-08T16:35:07","modified_gmt":"2026-03-08T13:35:07","slug":"metala-glezna","status":"publish","type":"product","link":"http:\/\/viieye.lv\/en\/produkts\/metala-glezna\/","title":{"rendered":"Metal Print"},"content":{"rendered":"<p>This surface provides the highest durability and maximum photo sharpness, making it an excellent all-round choice.<\/p>\n<p>Thanks to the latest generation of UV direct printing with 7 including light colors, the matte surface of the aluminum composite absolutely shines. Enjoy the rich colors and fine details displayed in high definition down to the last detail. Custom dimensions allow you to order wall art in the format you want, down to the centimeter.<\/p>\n<p>It is possible to attach the metal painting to the wall with magnets, screws and other types of fasteners (ask on appointment)<\/p>\n<p class=\"sqsrte-small\"><em>Eye photo session is included in the price<\/em><\/p>\n<p class=\"sqsrte-small\"><em>You will also receive your iris image in digital format<\/em><\/p>\n<p class=\"sqsrte-small\"><em>Other sizes and a larger number of irises on the artwork are also available, contact us to find out the price!<\/em><\/p>","protected":false},"excerpt":{"rendered":"<p>\u0160\u012b virsma nodro\u0161ina visaugst\u0101ko iztur\u012bbu un maksim\u0101lu foto asumu, padarot to par lielisku univers\u0101lu izv\u0113li. Pateicoties jaun\u0101k\u0101s paaudzes UV tie\u0161ajai drukai ar 7, tostarp gai\u0161\u0101m kr\u0101s\u0101m, alum\u012bnija kompoz\u012bta mat\u0113t\u0101 virsma absol\u016bti sp\u012bd. Izbaudiet bag\u0101t\u012bg\u0101s kr\u0101sas un smalk\u0101s deta\u013cas, kas tiek att\u0113lotas ar augstu iz\u0161\u0137irtsp\u0113ju l\u012bdz pat p\u0113d\u0113jai deta\u013cai. Piel\u0101gotie izm\u0113ri \u013cauj jums pas\u016bt\u012bt sienas m\u0101kslu&#8230;<\/p>","protected":false},"featured_media":1366,"comment_status":"closed","ping_status":"closed","template":"","meta":{"_kad_post_transparent":"default","_kad_post_title":"","_kad_post_layout":"default","_kad_post_sidebar_id":"","_kad_post_content_style":"default","_kad_post_vertical_padding":"default","_kad_post_feature":"","_kad_post_feature_position":"","_kad_post_header":false,"_kad_post_footer":false,"_kad_post_classname":""},"product_brand":[],"product_cat":[36],"product_tag":[],"class_list":{"0":"post-779","1":"product","2":"type-product","3":"status-publish","4":"has-post-thumbnail","6":"product_cat-gleznas","8":"first","9":"instock","10":"sold-individually","11":"shipping-taxable","12":"purchasable","13":"product-type-variable","14":"entry","15":"content-bg","16":"loop-entry"},"yoast_head":"<!-- This site is optimized with the Yoast SEO plugin v27.3 - https:\/\/yoast.com\/product\/yoast-seo-wordpress\/ -->\n<title>Met\u0101la Glezna - ViiEye - Acu Foto Studija<\/title>\n<meta name=\"description\" content=\"Augstas kvalit\u0101tes acs foto uz met\u0101la gleznas. \u0160\u012b virsma nodro\u0161ina visaugst\u0101ko iztur\u012bbu un maksim\u0101lu asumu, padarot to par lielisku univers\u0101lu izv\u0113li.\" \/>\n<meta name=\"robots\" content=\"index, follow, max-snippet:-1, max-image-preview:large, max-video-preview:-1\" \/>\n<link rel=\"canonical\" href=\"http:\/\/viieye.lv\/en\/produkts\/metala-glezna\/\" \/>\n<meta property=\"og:locale\" content=\"en_GB\" \/>\n<meta property=\"og:type\" content=\"article\" \/>\n<meta property=\"og:title\" content=\"Met\u0101la Glezna - ViiEye - Acu Foto Studija\" \/>\n<meta property=\"og:description\" content=\"Augstas kvalit\u0101tes acs foto uz met\u0101la gleznas. \u0160\u012b virsma nodro\u0161ina visaugst\u0101ko iztur\u012bbu un maksim\u0101lu asumu, padarot to par lielisku univers\u0101lu izv\u0113li.\" \/>\n<meta property=\"og:url\" content=\"http:\/\/viieye.lv\/en\/produkts\/metala-glezna\/\" \/>\n<meta property=\"og:site_name\" content=\"ViiEye\" \/>\n<meta property=\"article:publisher\" content=\"https:\/\/www.facebook.com\/ViiEyeLV\" \/>\n<meta property=\"article:modified_time\" content=\"2026-03-08T13:35:07+00:00\" \/>\n<meta property=\"og:image\" content=\"http:\/\/viieye.lv\/wp-content\/uploads\/2024\/02\/222222.jpg\" \/>\n\t<meta property=\"og:image:width\" content=\"1980\" \/>\n\t<meta property=\"og:image:height\" content=\"1320\" \/>\n\t<meta property=\"og:image:type\" content=\"image\/jpeg\" \/>\n<meta name=\"twitter:card\" content=\"summary_large_image\" \/>\n<meta name=\"twitter:label1\" content=\"Estimated reading time\" \/>\n\t<meta name=\"twitter:data1\" content=\"1 minute\" \/>\n<script type=\"application\/ld+json\" class=\"yoast-schema-graph\">{\"@context\":\"https:\\\/\\\/schema.org\",\"@graph\":[{\"@type\":\"WebPage\",\"@id\":\"http:\\\/\\\/viieye.lv\\\/lv\\\/produkts\\\/metala-glezna\\\/\",\"url\":\"http:\\\/\\\/viieye.lv\\\/lv\\\/produkts\\\/metala-glezna\\\/\",\"name\":\"Met\u0101la Glezna - ViiEye - Acu Foto Studija\",\"isPartOf\":{\"@id\":\"https:\\\/\\\/viieye.lv\\\/lv\\\/#website\"},\"primaryImageOfPage\":{\"@id\":\"http:\\\/\\\/viieye.lv\\\/lv\\\/produkts\\\/metala-glezna\\\/#primaryimage\"},\"image\":{\"@id\":\"http:\\\/\\\/viieye.lv\\\/lv\\\/produkts\\\/metala-glezna\\\/#primaryimage\"},\"thumbnailUrl\":\"http:\\\/\\\/viieye.lv\\\/wp-content\\\/uploads\\\/2024\\\/02\\\/222222.webp\",\"datePublished\":\"2024-01-10T08:46:03+00:00\",\"dateModified\":\"2026-03-08T13:35:07+00:00\",\"description\":\"Augstas kvalit\u0101tes acs foto uz met\u0101la gleznas. \u0160\u012b virsma nodro\u0161ina visaugst\u0101ko iztur\u012bbu un maksim\u0101lu asumu, padarot to par lielisku univers\u0101lu izv\u0113li.\",\"breadcrumb\":{\"@id\":\"http:\\\/\\\/viieye.lv\\\/lv\\\/produkts\\\/metala-glezna\\\/#breadcrumb\"},\"inLanguage\":\"en-GB\",\"potentialAction\":[{\"@type\":\"ReadAction\",\"target\":[\"http:\\\/\\\/viieye.lv\\\/lv\\\/produkts\\\/metala-glezna\\\/\"]}]},{\"@type\":\"ImageObject\",\"inLanguage\":\"en-GB\",\"@id\":\"http:\\\/\\\/viieye.lv\\\/lv\\\/produkts\\\/metala-glezna\\\/#primaryimage\",\"url\":\"http:\\\/\\\/viieye.lv\\\/wp-content\\\/uploads\\\/2024\\\/02\\\/222222.webp\",\"contentUrl\":\"http:\\\/\\\/viieye.lv\\\/wp-content\\\/uploads\\\/2024\\\/02\\\/222222.webp\",\"width\":1920,\"height\":1280,\"caption\":\"Acs foto uz met\u0101la gleznas\"},{\"@type\":\"BreadcrumbList\",\"@id\":\"http:\\\/\\\/viieye.lv\\\/lv\\\/produkts\\\/metala-glezna\\\/#breadcrumb\",\"itemListElement\":[{\"@type\":\"ListItem\",\"position\":1,\"name\":\"Home\",\"item\":\"https:\\\/\\\/viieye.lv\\\/lv\\\/\"},{\"@type\":\"ListItem\",\"position\":2,\"name\":\"Priv\u0101ts: WooComerce Shop\",\"item\":\"https:\\\/\\\/viieye.lv\\\/lv\\\/?page_id=760\"},{\"@type\":\"ListItem\",\"position\":3,\"name\":\"Met\u0101la Glezna\"}]},{\"@type\":\"WebSite\",\"@id\":\"https:\\\/\\\/viieye.lv\\\/lv\\\/#website\",\"url\":\"https:\\\/\\\/viieye.lv\\\/lv\\\/\",\"name\":\"ViiEye\",\"description\":\"Augst\u0101k\u0101s kvalit\u0101tes acu fotostudija Latvij\u0101\",\"publisher\":{\"@id\":\"https:\\\/\\\/viieye.lv\\\/lv\\\/#organization\"},\"potentialAction\":[{\"@type\":\"SearchAction\",\"target\":{\"@type\":\"EntryPoint\",\"urlTemplate\":\"https:\\\/\\\/viieye.lv\\\/lv\\\/?s={search_term_string}\"},\"query-input\":{\"@type\":\"PropertyValueSpecification\",\"valueRequired\":true,\"valueName\":\"search_term_string\"}}],\"inLanguage\":\"en-GB\"},{\"@type\":\"Organization\",\"@id\":\"https:\\\/\\\/viieye.lv\\\/lv\\\/#organization\",\"name\":\"ViiEye\",\"url\":\"https:\\\/\\\/viieye.lv\\\/lv\\\/\",\"logo\":{\"@type\":\"ImageObject\",\"inLanguage\":\"en-GB\",\"@id\":\"https:\\\/\\\/viieye.lv\\\/lv\\\/#\\\/schema\\\/logo\\\/image\\\/\",\"url\":\"http:\\\/\\\/viieye.lv\\\/wp-content\\\/uploads\\\/2023\\\/09\\\/cropped-Logo-and-Text-transparent-mid.png\",\"contentUrl\":\"http:\\\/\\\/viieye.lv\\\/wp-content\\\/uploads\\\/2023\\\/09\\\/cropped-Logo-and-Text-transparent-mid.png\",\"width\":3363,\"height\":1203,\"caption\":\"ViiEye\"},\"image\":{\"@id\":\"https:\\\/\\\/viieye.lv\\\/lv\\\/#\\\/schema\\\/logo\\\/image\\\/\"},\"sameAs\":[\"https:\\\/\\\/www.facebook.com\\\/ViiEyeLV\",\"https:\\\/\\\/www.tiktok.com\\\/@viieye\",\"https:\\\/\\\/www.instagram.com\\\/viieyelv\\\/\"]}]}<\/script>\n<!-- \/ Yoast SEO plugin. -->","yoast_head_json":{"title":"Met\u0101la Glezna - ViiEye - Acu Foto Studija","description":"Augstas kvalit\u0101tes acs foto uz met\u0101la gleznas. \u0160\u012b virsma nodro\u0161ina visaugst\u0101ko iztur\u012bbu un maksim\u0101lu asumu, padarot to par lielisku univers\u0101lu izv\u0113li.","robots":{"index":"index","follow":"follow","max-snippet":"max-snippet:-1","max-image-preview":"max-image-preview:large","max-video-preview":"max-video-preview:-1"},"canonical":"http:\/\/viieye.lv\/en\/produkts\/metala-glezna\/","og_locale":"en_GB","og_type":"article","og_title":"Met\u0101la Glezna - ViiEye - Acu Foto Studija","og_description":"Augstas kvalit\u0101tes acs foto uz met\u0101la gleznas. \u0160\u012b virsma nodro\u0161ina visaugst\u0101ko iztur\u012bbu un maksim\u0101lu asumu, padarot to par lielisku univers\u0101lu izv\u0113li.","og_url":"http:\/\/viieye.lv\/en\/produkts\/metala-glezna\/","og_site_name":"ViiEye","article_publisher":"https:\/\/www.facebook.com\/ViiEyeLV","article_modified_time":"2026-03-08T13:35:07+00:00","og_image":[{"width":1980,"height":1320,"url":"http:\/\/viieye.lv\/wp-content\/uploads\/2024\/02\/222222.jpg","type":"image\/jpeg"}],"twitter_card":"summary_large_image","twitter_misc":{"Estimated reading time":"1 minute"},"schema":{"@context":"https:\/\/schema.org","@graph":[{"@type":"WebPage","@id":"http:\/\/viieye.lv\/lv\/produkts\/metala-glezna\/","url":"http:\/\/viieye.lv\/lv\/produkts\/metala-glezna\/","name":"Met\u0101la Glezna - ViiEye - Acu Foto Studija","isPartOf":{"@id":"https:\/\/viieye.lv\/lv\/#website"},"primaryImageOfPage":{"@id":"http:\/\/viieye.lv\/lv\/produkts\/metala-glezna\/#primaryimage"},"image":{"@id":"http:\/\/viieye.lv\/lv\/produkts\/metala-glezna\/#primaryimage"},"thumbnailUrl":"http:\/\/viieye.lv\/wp-content\/uploads\/2024\/02\/222222.webp","datePublished":"2024-01-10T08:46:03+00:00","dateModified":"2026-03-08T13:35:07+00:00","description":"Augstas kvalit\u0101tes acs foto uz met\u0101la gleznas. \u0160\u012b virsma nodro\u0161ina visaugst\u0101ko iztur\u012bbu un maksim\u0101lu asumu, padarot to par lielisku univers\u0101lu izv\u0113li.","breadcrumb":{"@id":"http:\/\/viieye.lv\/lv\/produkts\/metala-glezna\/#breadcrumb"},"inLanguage":"en-GB","potentialAction":[{"@type":"ReadAction","target":["http:\/\/viieye.lv\/lv\/produkts\/metala-glezna\/"]}]},{"@type":"ImageObject","inLanguage":"en-GB","@id":"http:\/\/viieye.lv\/lv\/produkts\/metala-glezna\/#primaryimage","url":"http:\/\/viieye.lv\/wp-content\/uploads\/2024\/02\/222222.webp","contentUrl":"http:\/\/viieye.lv\/wp-content\/uploads\/2024\/02\/222222.webp","width":1920,"height":1280,"caption":"Acs foto uz met\u0101la gleznas"},{"@type":"BreadcrumbList","@id":"http:\/\/viieye.lv\/lv\/produkts\/metala-glezna\/#breadcrumb","itemListElement":[{"@type":"ListItem","position":1,"name":"Home","item":"https:\/\/viieye.lv\/lv\/"},{"@type":"ListItem","position":2,"name":"Priv\u0101ts: WooComerce Shop","item":"https:\/\/viieye.lv\/lv\/?page_id=760"},{"@type":"ListItem","position":3,"name":"Met\u0101la Glezna"}]},{"@type":"WebSite","@id":"https:\/\/viieye.lv\/lv\/#website","url":"https:\/\/viieye.lv\/lv\/","name":"ViiEye","description":"Augst\u0101k\u0101s kvalit\u0101tes acu fotostudija Latvij\u0101","publisher":{"@id":"https:\/\/viieye.lv\/lv\/#organization"},"potentialAction":[{"@type":"SearchAction","target":{"@type":"EntryPoint","urlTemplate":"https:\/\/viieye.lv\/lv\/?s={search_term_string}"},"query-input":{"@type":"PropertyValueSpecification","valueRequired":true,"valueName":"search_term_string"}}],"inLanguage":"en-GB"},{"@type":"Organization","@id":"https:\/\/viieye.lv\/lv\/#organization","name":"ViiEye","url":"https:\/\/viieye.lv\/lv\/","logo":{"@type":"ImageObject","inLanguage":"en-GB","@id":"https:\/\/viieye.lv\/lv\/#\/schema\/logo\/image\/","url":"http:\/\/viieye.lv\/wp-content\/uploads\/2023\/09\/cropped-Logo-and-Text-transparent-mid.png","contentUrl":"http:\/\/viieye.lv\/wp-content\/uploads\/2023\/09\/cropped-Logo-and-Text-transparent-mid.png","width":3363,"height":1203,"caption":"ViiEye"},"image":{"@id":"https:\/\/viieye.lv\/lv\/#\/schema\/logo\/image\/"},"sameAs":["https:\/\/www.facebook.com\/ViiEyeLV","https:\/\/www.tiktok.com\/@viieye","https:\/\/www.instagram.com\/viieyelv\/"]}]}},"jetpack_sharing_enabled":true,"_links":{"self":[{"href":"http:\/\/viieye.lv\/en\/wp-json\/wp\/v2\/product\/779","targetHints":{"allow":["GET"]}}],"collection":[{"href":"http:\/\/viieye.lv\/en\/wp-json\/wp\/v2\/product"}],"about":[{"href":"http:\/\/viieye.lv\/en\/wp-json\/wp\/v2\/types\/product"}],"replies":[{"embeddable":true,"href":"http:\/\/viieye.lv\/en\/wp-json\/wp\/v2\/comments?post=779"}],"wp:featuredmedia":[{"embeddable":true,"href":"http:\/\/viieye.lv\/en\/wp-json\/wp\/v2\/media\/1366"}],"wp:attachment":[{"href":"http:\/\/viieye.lv\/en\/wp-json\/wp\/v2\/media?parent=779"}],"wp:term":[{"taxonomy":"product_brand","embeddable":true,"href":"http:\/\/viieye.lv\/en\/wp-json\/wp\/v2\/product_brand?post=779"},{"taxonomy":"product_cat","embeddable":true,"href":"http:\/\/viieye.lv\/en\/wp-json\/wp\/v2\/product_cat?post=779"},{"taxonomy":"product_tag","embeddable":true,"href":"http:\/\/viieye.lv\/en\/wp-json\/wp\/v2\/product_tag?post=779"}],"curies":[{"name":"wp","href":"https:\/\/api.w.org\/{rel}","templated":true}]}}