{"id":24,"date":"2023-09-27T17:05:52","date_gmt":"2023-09-27T14:05:52","guid":{"rendered":"http:\/\/kki.oqk.mybluehost.me\/?page_id=24"},"modified":"2026-04-09T13:00:51","modified_gmt":"2026-04-09T10:00:51","slug":"jautajumi","status":"publish","type":"page","link":"https:\/\/viieye.lv\/en\/jautajumi\/","title":{"rendered":"FAQ"},"content":{"rendered":"<div data-elementor-type=\"wp-page\" data-elementor-id=\"24\" class=\"elementor elementor-24\" data-elementor-post-type=\"page\">\n\t\t\t\t<div class=\"elementor-element elementor-element-7a87db7 e-flex e-con-boxed e-con e-parent\" data-id=\"7a87db7\" data-element_type=\"container\" data-e-type=\"container\" data-settings=\"{&quot;_ob_use_container_extras&quot;:&quot;no&quot;,&quot;_ob_column_hoveranimator&quot;:&quot;no&quot;,&quot;_ob_glider_is_slider&quot;:&quot;no&quot;,&quot;_ob_column_has_pseudo&quot;:&quot;no&quot;}\">\n\t\t\t\t\t<div class=\"e-con-inner\">\n\t\t\t\t<div class=\"elementor-element elementor-element-f2e6fc9 ob-has-background-overlay elementor-widget elementor-widget-accordion\" data-id=\"f2e6fc9\" data-element_type=\"widget\" data-e-type=\"widget\" data-settings=\"{&quot;_ob_widget_stalker_use&quot;:&quot;no&quot;,&quot;_ob_poopart_use&quot;:&quot;yes&quot;,&quot;_ob_shadough_use&quot;:&quot;no&quot;,&quot;_ob_allow_hoveranimator&quot;:&quot;no&quot;}\" data-widget_type=\"accordion.default\">\n\t\t\t\t<div class=\"elementor-widget-container\">\n\t\t\t\t\t\t\t<div class=\"elementor-accordion\">\n\t\t\t\t\t\t\t<div class=\"elementor-accordion-item\">\n\t\t\t\t\t<div id=\"elementor-tab-title-2541\" class=\"elementor-tab-title\" data-tab=\"1\" role=\"button\" aria-controls=\"elementor-tab-content-2541\" aria-expanded=\"false\">\n\t\t\t\t\t\t\t\t\t\t\t\t\t<span class=\"elementor-accordion-icon elementor-accordion-icon-left\" aria-hidden=\"true\">\n\t\t\t\t\t\t\t\t\t\t\t\t\t\t\t<span class=\"elementor-accordion-icon-closed\"><i class=\"fas fa-plus\"><\/i><\/span>\n\t\t\t\t\t\t\t\t<span class=\"elementor-accordion-icon-opened\"><i class=\"fas fa-minus\"><\/i><\/span>\n\t\t\t\t\t\t\t\t\t\t\t\t\t\t<\/span>\n\t\t\t\t\t\t\t\t\t\t\t\t<a class=\"elementor-accordion-title\" tabindex=\"0\">Is an appointment required?<\/a>\n\t\t\t\t\t<\/div>\n\t\t\t\t\t<div id=\"elementor-tab-content-2541\" class=\"elementor-tab-content elementor-clearfix\" data-tab=\"1\" role=\"region\" aria-labelledby=\"elementor-tab-title-2541\"><p>J\u0101, pirms varat pas\u016bt\u012bt k\u0101du no ViiEye produktiem, Jums ir nepiecie\u0161ams veikt iepriek\u0161\u0113ju rezerv\u0101ciju. Tas ir \u013coti vienk\u0101r\u0161i, noklik\u0161\u0137iniet uz pogas PIETEIKTIES vai sazinieties ar mums caur e-pastu (info@viieye.lv) un mobilo t\u0101lruni (+371 28283007)<\/p><\/div>\n\t\t\t\t<\/div>\n\t\t\t\t\t\t\t<div class=\"elementor-accordion-item\">\n\t\t\t\t\t<div id=\"elementor-tab-title-2542\" class=\"elementor-tab-title\" data-tab=\"2\" role=\"button\" aria-controls=\"elementor-tab-content-2542\" aria-expanded=\"false\">\n\t\t\t\t\t\t\t\t\t\t\t\t\t<span class=\"elementor-accordion-icon elementor-accordion-icon-left\" aria-hidden=\"true\">\n\t\t\t\t\t\t\t\t\t\t\t\t\t\t\t<span class=\"elementor-accordion-icon-closed\"><i class=\"fas fa-plus\"><\/i><\/span>\n\t\t\t\t\t\t\t\t<span class=\"elementor-accordion-icon-opened\"><i class=\"fas fa-minus\"><\/i><\/span>\n\t\t\t\t\t\t\t\t\t\t\t\t\t\t<\/span>\n\t\t\t\t\t\t\t\t\t\t\t\t<a class=\"elementor-accordion-title\" tabindex=\"0\">What is the photoshoot process like?<\/a>\n\t\t\t\t\t<\/div>\n\t\t\t\t\t<div id=\"elementor-tab-content-2542\" class=\"elementor-tab-content elementor-clearfix\" data-tab=\"2\" role=\"region\" aria-labelledby=\"elementor-tab-title-2542\"><p class=\"\">First, we'll show you both of your eyes and help you decide which eye you want photographed. In our photo studio, we will show all available products and help you make the final choice.<\/p><p class=\"\"><strong>Attention! A flash will be used during the photo session, which may cause discomfort and risk of seizures for people with photosensitive epilepsy<\/strong><\/p><\/div>\n\t\t\t\t<\/div>\n\t\t\t\t\t\t\t<div class=\"elementor-accordion-item\">\n\t\t\t\t\t<div id=\"elementor-tab-title-2543\" class=\"elementor-tab-title\" data-tab=\"3\" role=\"button\" aria-controls=\"elementor-tab-content-2543\" aria-expanded=\"false\">\n\t\t\t\t\t\t\t\t\t\t\t\t\t<span class=\"elementor-accordion-icon elementor-accordion-icon-left\" aria-hidden=\"true\">\n\t\t\t\t\t\t\t\t\t\t\t\t\t\t\t<span class=\"elementor-accordion-icon-closed\"><i class=\"fas fa-plus\"><\/i><\/span>\n\t\t\t\t\t\t\t\t<span class=\"elementor-accordion-icon-opened\"><i class=\"fas fa-minus\"><\/i><\/span>\n\t\t\t\t\t\t\t\t\t\t\t\t\t\t<\/span>\n\t\t\t\t\t\t\t\t\t\t\t\t<a class=\"elementor-accordion-title\" tabindex=\"0\">What is the minimum age?<\/a>\n\t\t\t\t\t<\/div>\n\t\t\t\t\t<div id=\"elementor-tab-content-2543\" class=\"elementor-tab-content elementor-clearfix\" data-tab=\"3\" role=\"region\" aria-labelledby=\"elementor-tab-title-2543\"><p>L\u012bdz \u0161im jaun\u0101kajam m\u016bsu klientam ir biju\u0161i 5 m\u0113ne\u0161i! <img decoding=\"async\" class=\"emoji\" role=\"img\" draggable=\"false\" src=\"https:\/\/s.w.org\/images\/core\/emoji\/14.0.0\/svg\/1f60a.svg\" alt=\"\ud83d\ude0a\" \/>Minim\u0101l\u0101 vecuma sliek\u0161\u0146a nav, bet b\u016btiska ir b\u0113rna sapratne un sp\u0113ja nos\u0113d\u0113t mier\u012bgi 10 min\u016btes, k\u0101 ar\u012b j\u0101atceras, ka foto sesijas laik\u0101 tiek izmantota zibspuldze, kas var rad\u012bt diskomfortu.<\/p><\/div>\n\t\t\t\t<\/div>\n\t\t\t\t\t\t\t<div class=\"elementor-accordion-item\">\n\t\t\t\t\t<div id=\"elementor-tab-title-2544\" class=\"elementor-tab-title\" data-tab=\"4\" role=\"button\" aria-controls=\"elementor-tab-content-2544\" aria-expanded=\"false\">\n\t\t\t\t\t\t\t\t\t\t\t\t\t<span class=\"elementor-accordion-icon elementor-accordion-icon-left\" aria-hidden=\"true\">\n\t\t\t\t\t\t\t\t\t\t\t\t\t\t\t<span class=\"elementor-accordion-icon-closed\"><i class=\"fas fa-plus\"><\/i><\/span>\n\t\t\t\t\t\t\t\t<span class=\"elementor-accordion-icon-opened\"><i class=\"fas fa-minus\"><\/i><\/span>\n\t\t\t\t\t\t\t\t\t\t\t\t\t\t<\/span>\n\t\t\t\t\t\t\t\t\t\t\t\t<a class=\"elementor-accordion-title\" tabindex=\"0\">How long is this process?<\/a>\n\t\t\t\t\t<\/div>\n\t\t\t\t\t<div id=\"elementor-tab-content-2544\" class=\"elementor-tab-content elementor-clearfix\" data-tab=\"4\" role=\"region\" aria-labelledby=\"elementor-tab-title-2544\"><p>A photo session for one person lasts about 10 minutes. The digital file with the final result is received within 1-5 days after the photo session (depending on the chosen effects, number of eyes, etc.). Large size print is delivered within 10 working days from the moment of receiving the digital images.<\/p><\/div>\n\t\t\t\t<\/div>\n\t\t\t\t\t\t\t<div class=\"elementor-accordion-item\">\n\t\t\t\t\t<div id=\"elementor-tab-title-2545\" class=\"elementor-tab-title\" data-tab=\"5\" role=\"button\" aria-controls=\"elementor-tab-content-2545\" aria-expanded=\"false\">\n\t\t\t\t\t\t\t\t\t\t\t\t\t<span class=\"elementor-accordion-icon elementor-accordion-icon-left\" aria-hidden=\"true\">\n\t\t\t\t\t\t\t\t\t\t\t\t\t\t\t<span class=\"elementor-accordion-icon-closed\"><i class=\"fas fa-plus\"><\/i><\/span>\n\t\t\t\t\t\t\t\t<span class=\"elementor-accordion-icon-opened\"><i class=\"fas fa-minus\"><\/i><\/span>\n\t\t\t\t\t\t\t\t\t\t\t\t\t\t<\/span>\n\t\t\t\t\t\t\t\t\t\t\t\t<a class=\"elementor-accordion-title\" tabindex=\"0\">Can I come with contact lenses?<\/a>\n\t\t\t\t\t<\/div>\n\t\t\t\t\t<div id=\"elementor-tab-content-2545\" class=\"elementor-tab-content elementor-clearfix\" data-tab=\"5\" role=\"region\" aria-labelledby=\"elementor-tab-title-2545\"><p>Caursp\u012bd\u012bg\u0101s kontaktl\u0113cas neietekm\u0113 gala rezult\u0101tu, bet kontaktl\u0113cas ar kr\u0101su vajadz\u0113s iz\u0146emt.<\/p><\/div>\n\t\t\t\t<\/div>\n\t\t\t\t\t\t\t<div class=\"elementor-accordion-item\">\n\t\t\t\t\t<div id=\"elementor-tab-title-2546\" class=\"elementor-tab-title\" data-tab=\"6\" role=\"button\" aria-controls=\"elementor-tab-content-2546\" aria-expanded=\"false\">\n\t\t\t\t\t\t\t\t\t\t\t\t\t<span class=\"elementor-accordion-icon elementor-accordion-icon-left\" aria-hidden=\"true\">\n\t\t\t\t\t\t\t\t\t\t\t\t\t\t\t<span class=\"elementor-accordion-icon-closed\"><i class=\"fas fa-plus\"><\/i><\/span>\n\t\t\t\t\t\t\t\t<span class=\"elementor-accordion-icon-opened\"><i class=\"fas fa-minus\"><\/i><\/span>\n\t\t\t\t\t\t\t\t\t\t\t\t\t\t<\/span>\n\t\t\t\t\t\t\t\t\t\t\t\t<a class=\"elementor-accordion-title\" tabindex=\"0\">Data protection - Do you store images?<\/a>\n\t\t\t\t\t<\/div>\n\t\t\t\t\t<div id=\"elementor-tab-content-2546\" class=\"elementor-tab-content elementor-clearfix\" data-tab=\"6\" role=\"region\" aria-labelledby=\"elementor-tab-title-2546\"><p>M\u0113s saglab\u0101jam tikai gala rezult\u0101ta bildes (visas fotogr\u0101fijas kuras esam uz\u0146\u0113mu\u0161i foto sesijas laik\u0101 tiek izdz\u0113stas p\u0113c gala rezult\u0101ta izveides). Gad\u012bjum\u0101, ja nejau\u0161i esat izdz\u0113su\u0161i savu acs fotoatt\u0113lu, m\u0113s varam to nos\u016bt\u012bt atk\u0101rtoti.<\/p><\/div>\n\t\t\t\t<\/div>\n\t\t\t\t\t\t\t<div class=\"elementor-accordion-item\">\n\t\t\t\t\t<div id=\"elementor-tab-title-2547\" class=\"elementor-tab-title\" data-tab=\"7\" role=\"button\" aria-controls=\"elementor-tab-content-2547\" aria-expanded=\"false\">\n\t\t\t\t\t\t\t\t\t\t\t\t\t<span class=\"elementor-accordion-icon elementor-accordion-icon-left\" aria-hidden=\"true\">\n\t\t\t\t\t\t\t\t\t\t\t\t\t\t\t<span class=\"elementor-accordion-icon-closed\"><i class=\"fas fa-plus\"><\/i><\/span>\n\t\t\t\t\t\t\t\t<span class=\"elementor-accordion-icon-opened\"><i class=\"fas fa-minus\"><\/i><\/span>\n\t\t\t\t\t\t\t\t\t\t\t\t\t\t<\/span>\n\t\t\t\t\t\t\t\t\t\t\t\t<a class=\"elementor-accordion-title\" tabindex=\"0\">Is taking photos and collecting such data safe?<\/a>\n\t\t\t\t\t<\/div>\n\t\t\t\t\t<div id=\"elementor-tab-content-2547\" class=\"elementor-tab-content elementor-clearfix\" data-tab=\"7\" role=\"region\" aria-labelledby=\"elementor-tab-title-2547\"><p>J\u0101, neskatoties uz m\u016bsdien\u0101s eso\u0161aj\u0101m inov\u0101cij\u0101m, varam apliecin\u0101t, ka acs biometriskie dati no acs varav\u012bksnenes foto nevar tikt nolas\u012bti vai \u013caunpr\u0101t\u012bgi izmantoti.\u00a0 Gala rezult\u0101t\u0101, ViiEye pied\u0101v\u0101 re\u0101listisk\u0101ko varav\u012bksnenes att\u0113lojumu, tom\u0113r acs forma tiek izveidota apa\u013ca &#8211; est\u0113tisk\u0101kam gala rezult\u0101tam. Rezult\u0101t\u0101, ieg\u016btais varav\u012bksnenes att\u0113lojums ir neder\u012bgs k\u0101 identifik\u0101cijas vai piek\u013cuves r\u012bks.<\/p><\/div>\n\t\t\t\t<\/div>\n\t\t\t\t\t\t\t\t<\/div>\n\t\t\t\t\t\t<\/div>\n\t\t\t\t<\/div>\n\t\t\t\t\t<\/div>\n\t\t\t\t<\/div>\n\t\t\t\t<\/div>","protected":false},"excerpt":{"rendered":"<p>Vai ir nepiecie\u0161ams pieraksts? J\u0101, pirms varat pas\u016bt\u012bt k\u0101du no ViiEye produktiem, Jums ir nepiecie\u0161ams veikt iepriek\u0161\u0113ju rezerv\u0101ciju. Tas ir \u013coti vienk\u0101r\u0161i, noklik\u0161\u0137iniet uz pogas PIETEIKTIES vai sazinieties ar mums caur e-pastu (info@viieye.lv) un mobilo t\u0101lruni (+371 28283007) K\u0101ds ir fotosesijas process? Vispirms par\u0101d\u012bsim j\u016bsu abas acis un pal\u012bdz\u0113sim izlemt, kuru aci v\u0113laties fotograf\u0113t. M\u016bsu&#8230;<\/p>","protected":false},"author":1,"featured_media":600,"parent":0,"menu_order":0,"comment_status":"closed","ping_status":"closed","template":"","meta":{"_kad_post_transparent":"","_kad_post_title":"hide","_kad_post_layout":"fullwidth","_kad_post_sidebar_id":"","_kad_post_content_style":"unboxed","_kad_post_vertical_padding":"hide","_kad_post_feature":"hide","_kad_post_feature_position":"","_kad_post_header":false,"_kad_post_footer":false,"_kad_post_classname":"","footnotes":""},"class_list":["post-24","page","type-page","status-publish","has-post-thumbnail","hentry"],"yoast_head":"<!-- This site is optimized with the Yoast SEO plugin v27.3 - https:\/\/yoast.com\/product\/yoast-seo-wordpress\/ -->\n<title>Bie\u017e\u0101k uzdotie jaut\u0101jumu par acu fotosesiju - ViiEye<\/title>\n<meta name=\"description\" content=\"Fotosesija vienai personai ilgst aptuveni 10 min\u016btes. Digit\u0101lais fails ar gala rezult\u0101tu tiek sa\u0146emts 1-5 dienu laik\u0101 p\u0113c fotosesijas.\" \/>\n<meta name=\"robots\" content=\"index, follow, max-snippet:-1, max-image-preview:large, max-video-preview:-1\" \/>\n<link rel=\"canonical\" href=\"https:\/\/viieye.lv\/en\/jautajumi\/\" \/>\n<meta property=\"og:locale\" content=\"en_GB\" \/>\n<meta property=\"og:type\" content=\"article\" \/>\n<meta property=\"og:title\" content=\"Bie\u017e\u0101k uzdotie jaut\u0101jumu par acu fotosesiju - ViiEye\" \/>\n<meta property=\"og:description\" content=\"Fotosesija vienai personai ilgst aptuveni 10 min\u016btes. Digit\u0101lais fails ar gala rezult\u0101tu tiek sa\u0146emts 1-5 dienu laik\u0101 p\u0113c fotosesijas.\" \/>\n<meta property=\"og:url\" content=\"https:\/\/viieye.lv\/en\/jautajumi\/\" \/>\n<meta property=\"og:site_name\" content=\"ViiEye\" \/>\n<meta property=\"article:publisher\" content=\"https:\/\/www.facebook.com\/ViiEyeLV\" \/>\n<meta property=\"article:modified_time\" content=\"2026-04-09T10:00:51+00:00\" \/>\n<meta property=\"og:image\" content=\"http:\/\/viieye.lv\/wp-content\/uploads\/2024\/01\/Kolaza.jpg\" \/>\n\t<meta property=\"og:image:width\" content=\"1920\" \/>\n\t<meta property=\"og:image:height\" content=\"1080\" \/>\n\t<meta property=\"og:image:type\" content=\"image\/jpeg\" \/>\n<meta name=\"twitter:card\" content=\"summary_large_image\" \/>\n<meta name=\"twitter:label1\" content=\"Estimated reading time\" \/>\n\t<meta name=\"twitter:data1\" content=\"2 minutes\" \/>\n<script type=\"application\/ld+json\" class=\"yoast-schema-graph\">{\"@context\":\"https:\\\/\\\/schema.org\",\"@graph\":[{\"@type\":\"WebPage\",\"@id\":\"https:\\\/\\\/viieye.lv\\\/jautajumi\\\/\",\"url\":\"https:\\\/\\\/viieye.lv\\\/jautajumi\\\/\",\"name\":\"Bie\u017e\u0101k uzdotie jaut\u0101jumu par acu fotosesiju - ViiEye\",\"isPartOf\":{\"@id\":\"https:\\\/\\\/viieye.lv\\\/lv\\\/#website\"},\"primaryImageOfPage\":{\"@id\":\"https:\\\/\\\/viieye.lv\\\/jautajumi\\\/#primaryimage\"},\"image\":{\"@id\":\"https:\\\/\\\/viieye.lv\\\/jautajumi\\\/#primaryimage\"},\"thumbnailUrl\":\"https:\\\/\\\/viieye.lv\\\/wp-content\\\/uploads\\\/2024\\\/01\\\/Kolaza.jpg\",\"datePublished\":\"2023-09-27T14:05:52+00:00\",\"dateModified\":\"2026-04-09T10:00:51+00:00\",\"description\":\"Fotosesija vienai personai ilgst aptuveni 10 min\u016btes. Digit\u0101lais fails ar gala rezult\u0101tu tiek sa\u0146emts 1-5 dienu laik\u0101 p\u0113c fotosesijas.\",\"breadcrumb\":{\"@id\":\"https:\\\/\\\/viieye.lv\\\/jautajumi\\\/#breadcrumb\"},\"inLanguage\":\"en-GB\",\"potentialAction\":[{\"@type\":\"ReadAction\",\"target\":[\"https:\\\/\\\/viieye.lv\\\/jautajumi\\\/\"]}]},{\"@type\":\"ImageObject\",\"inLanguage\":\"en-GB\",\"@id\":\"https:\\\/\\\/viieye.lv\\\/jautajumi\\\/#primaryimage\",\"url\":\"https:\\\/\\\/viieye.lv\\\/wp-content\\\/uploads\\\/2024\\\/01\\\/Kolaza.jpg\",\"contentUrl\":\"https:\\\/\\\/viieye.lv\\\/wp-content\\\/uploads\\\/2024\\\/01\\\/Kolaza.jpg\",\"width\":1920,\"height\":1080,\"caption\":\"Acu foto kol\u0101\u017ea\"},{\"@type\":\"BreadcrumbList\",\"@id\":\"https:\\\/\\\/viieye.lv\\\/jautajumi\\\/#breadcrumb\",\"itemListElement\":[{\"@type\":\"ListItem\",\"position\":1,\"name\":\"Home\",\"item\":\"https:\\\/\\\/viieye.lv\\\/lv\\\/\"},{\"@type\":\"ListItem\",\"position\":2,\"name\":\"Jaut\u0101jumi\"}]},{\"@type\":\"WebSite\",\"@id\":\"https:\\\/\\\/viieye.lv\\\/lv\\\/#website\",\"url\":\"https:\\\/\\\/viieye.lv\\\/lv\\\/\",\"name\":\"ViiEye\",\"description\":\"Augst\u0101k\u0101s kvalit\u0101tes acu fotostudija Latvij\u0101\",\"publisher\":{\"@id\":\"https:\\\/\\\/viieye.lv\\\/lv\\\/#organization\"},\"potentialAction\":[{\"@type\":\"SearchAction\",\"target\":{\"@type\":\"EntryPoint\",\"urlTemplate\":\"https:\\\/\\\/viieye.lv\\\/lv\\\/?s={search_term_string}\"},\"query-input\":{\"@type\":\"PropertyValueSpecification\",\"valueRequired\":true,\"valueName\":\"search_term_string\"}}],\"inLanguage\":\"en-GB\"},{\"@type\":\"Organization\",\"@id\":\"https:\\\/\\\/viieye.lv\\\/lv\\\/#organization\",\"name\":\"ViiEye\",\"url\":\"https:\\\/\\\/viieye.lv\\\/lv\\\/\",\"logo\":{\"@type\":\"ImageObject\",\"inLanguage\":\"en-GB\",\"@id\":\"https:\\\/\\\/viieye.lv\\\/lv\\\/#\\\/schema\\\/logo\\\/image\\\/\",\"url\":\"https:\\\/\\\/viieye.lv\\\/wp-content\\\/uploads\\\/2023\\\/09\\\/cropped-Logo-and-Text-transparent-mid.png\",\"contentUrl\":\"https:\\\/\\\/viieye.lv\\\/wp-content\\\/uploads\\\/2023\\\/09\\\/cropped-Logo-and-Text-transparent-mid.png\",\"width\":3363,\"height\":1203,\"caption\":\"ViiEye\"},\"image\":{\"@id\":\"https:\\\/\\\/viieye.lv\\\/lv\\\/#\\\/schema\\\/logo\\\/image\\\/\"},\"sameAs\":[\"https:\\\/\\\/www.facebook.com\\\/ViiEyeLV\",\"https:\\\/\\\/www.tiktok.com\\\/@viieye\",\"https:\\\/\\\/www.instagram.com\\\/viieyelv\\\/\"]}]}<\/script>\n<!-- \/ Yoast SEO plugin. -->","yoast_head_json":{"title":"Bie\u017e\u0101k uzdotie jaut\u0101jumu par acu fotosesiju - ViiEye","description":"Fotosesija vienai personai ilgst aptuveni 10 min\u016btes. Digit\u0101lais fails ar gala rezult\u0101tu tiek sa\u0146emts 1-5 dienu laik\u0101 p\u0113c fotosesijas.","robots":{"index":"index","follow":"follow","max-snippet":"max-snippet:-1","max-image-preview":"max-image-preview:large","max-video-preview":"max-video-preview:-1"},"canonical":"https:\/\/viieye.lv\/en\/jautajumi\/","og_locale":"en_GB","og_type":"article","og_title":"Bie\u017e\u0101k uzdotie jaut\u0101jumu par acu fotosesiju - ViiEye","og_description":"Fotosesija vienai personai ilgst aptuveni 10 min\u016btes. Digit\u0101lais fails ar gala rezult\u0101tu tiek sa\u0146emts 1-5 dienu laik\u0101 p\u0113c fotosesijas.","og_url":"https:\/\/viieye.lv\/en\/jautajumi\/","og_site_name":"ViiEye","article_publisher":"https:\/\/www.facebook.com\/ViiEyeLV","article_modified_time":"2026-04-09T10:00:51+00:00","og_image":[{"width":1920,"height":1080,"url":"http:\/\/viieye.lv\/wp-content\/uploads\/2024\/01\/Kolaza.jpg","type":"image\/jpeg"}],"twitter_card":"summary_large_image","twitter_misc":{"Estimated reading time":"2 minutes"},"schema":{"@context":"https:\/\/schema.org","@graph":[{"@type":"WebPage","@id":"https:\/\/viieye.lv\/jautajumi\/","url":"https:\/\/viieye.lv\/jautajumi\/","name":"Bie\u017e\u0101k uzdotie jaut\u0101jumu par acu fotosesiju - ViiEye","isPartOf":{"@id":"https:\/\/viieye.lv\/lv\/#website"},"primaryImageOfPage":{"@id":"https:\/\/viieye.lv\/jautajumi\/#primaryimage"},"image":{"@id":"https:\/\/viieye.lv\/jautajumi\/#primaryimage"},"thumbnailUrl":"https:\/\/viieye.lv\/wp-content\/uploads\/2024\/01\/Kolaza.jpg","datePublished":"2023-09-27T14:05:52+00:00","dateModified":"2026-04-09T10:00:51+00:00","description":"Fotosesija vienai personai ilgst aptuveni 10 min\u016btes. Digit\u0101lais fails ar gala rezult\u0101tu tiek sa\u0146emts 1-5 dienu laik\u0101 p\u0113c fotosesijas.","breadcrumb":{"@id":"https:\/\/viieye.lv\/jautajumi\/#breadcrumb"},"inLanguage":"en-GB","potentialAction":[{"@type":"ReadAction","target":["https:\/\/viieye.lv\/jautajumi\/"]}]},{"@type":"ImageObject","inLanguage":"en-GB","@id":"https:\/\/viieye.lv\/jautajumi\/#primaryimage","url":"https:\/\/viieye.lv\/wp-content\/uploads\/2024\/01\/Kolaza.jpg","contentUrl":"https:\/\/viieye.lv\/wp-content\/uploads\/2024\/01\/Kolaza.jpg","width":1920,"height":1080,"caption":"Acu foto kol\u0101\u017ea"},{"@type":"BreadcrumbList","@id":"https:\/\/viieye.lv\/jautajumi\/#breadcrumb","itemListElement":[{"@type":"ListItem","position":1,"name":"Home","item":"https:\/\/viieye.lv\/lv\/"},{"@type":"ListItem","position":2,"name":"Jaut\u0101jumi"}]},{"@type":"WebSite","@id":"https:\/\/viieye.lv\/lv\/#website","url":"https:\/\/viieye.lv\/lv\/","name":"ViiEye","description":"Augst\u0101k\u0101s kvalit\u0101tes acu fotostudija Latvij\u0101","publisher":{"@id":"https:\/\/viieye.lv\/lv\/#organization"},"potentialAction":[{"@type":"SearchAction","target":{"@type":"EntryPoint","urlTemplate":"https:\/\/viieye.lv\/lv\/?s={search_term_string}"},"query-input":{"@type":"PropertyValueSpecification","valueRequired":true,"valueName":"search_term_string"}}],"inLanguage":"en-GB"},{"@type":"Organization","@id":"https:\/\/viieye.lv\/lv\/#organization","name":"ViiEye","url":"https:\/\/viieye.lv\/lv\/","logo":{"@type":"ImageObject","inLanguage":"en-GB","@id":"https:\/\/viieye.lv\/lv\/#\/schema\/logo\/image\/","url":"https:\/\/viieye.lv\/wp-content\/uploads\/2023\/09\/cropped-Logo-and-Text-transparent-mid.png","contentUrl":"https:\/\/viieye.lv\/wp-content\/uploads\/2023\/09\/cropped-Logo-and-Text-transparent-mid.png","width":3363,"height":1203,"caption":"ViiEye"},"image":{"@id":"https:\/\/viieye.lv\/lv\/#\/schema\/logo\/image\/"},"sameAs":["https:\/\/www.facebook.com\/ViiEyeLV","https:\/\/www.tiktok.com\/@viieye","https:\/\/www.instagram.com\/viieyelv\/"]}]}},"jetpack_sharing_enabled":true,"_links":{"self":[{"href":"https:\/\/viieye.lv\/en\/wp-json\/wp\/v2\/pages\/24","targetHints":{"allow":["GET"]}}],"collection":[{"href":"https:\/\/viieye.lv\/en\/wp-json\/wp\/v2\/pages"}],"about":[{"href":"https:\/\/viieye.lv\/en\/wp-json\/wp\/v2\/types\/page"}],"author":[{"embeddable":true,"href":"https:\/\/viieye.lv\/en\/wp-json\/wp\/v2\/users\/1"}],"replies":[{"embeddable":true,"href":"https:\/\/viieye.lv\/en\/wp-json\/wp\/v2\/comments?post=24"}],"version-history":[{"count":20,"href":"https:\/\/viieye.lv\/en\/wp-json\/wp\/v2\/pages\/24\/revisions"}],"predecessor-version":[{"id":1801,"href":"https:\/\/viieye.lv\/en\/wp-json\/wp\/v2\/pages\/24\/revisions\/1801"}],"wp:featuredmedia":[{"embeddable":true,"href":"https:\/\/viieye.lv\/en\/wp-json\/wp\/v2\/media\/600"}],"wp:attachment":[{"href":"https:\/\/viieye.lv\/en\/wp-json\/wp\/v2\/media?parent=24"}],"curies":[{"name":"wp","href":"https:\/\/api.w.org\/{rel}","templated":true}]}}