{"id":770,"date":"2024-01-10T11:37:24","date_gmt":"2024-01-10T08:37:24","guid":{"rendered":"https:\/\/kki.oqk.mybluehost.me\/?post_type=product&#038;p=770"},"modified":"2024-03-21T13:18:32","modified_gmt":"2024-03-21T10:18:32","slug":"davanu-karte","status":"publish","type":"product","link":"https:\/\/viieye.lv\/en\/produkts\/davanu-karte\/","title":{"rendered":"Gift card"},"content":{"rendered":"<p>A gift card that creates excitement!<br \/>\nBuy ViiEye gift card in the value of your choice, surprise your friends and loved ones with a unique experience, seeing a part of yourself in a work of art! A great gift idea for birthdays, wedding anniversaries, or any other holiday that celebrates love and longevity. Everyone will like it, be it a child, an adult... or even your grandparents!<\/p>\n<p>Do not forget to add a congratulatory text or some other sweet message to the gift card!<\/p>\n<p><em>The gift card is valid for one year from the moment of its purchase.<\/em><\/p>\n<p>&nbsp;<\/p>","protected":false},"excerpt":{"rendered":"<p>D\u0101vanu karte, kas rada saj\u016bsmu! Ieg\u0101d\u0101jaties ViiEye d\u0101vanu karti J\u016bsu izv\u0113l\u0113t\u0101 v\u0113rt\u012bb\u0101, p\u0101rsteidz draugus, m\u012b\u013cotos ar neatk\u0101rtojamu pieredzi, ieraugot da\u013cu sevis m\u0101kslas darb\u0101! Lieliska ideja d\u0101vanai dzim\u0161anas dien\u0101, k\u0101zu gadadien\u0101s, vai jebkuros citos sv\u0113tkos, kuros svin\u0113ta m\u012blest\u012bba un ilgm\u016b\u017e\u012bba. Patiks ikvienam, vai tas b\u016bs b\u0113rns, pieaugu\u0161ais&#8230; vai pat Tavi vecvec\u0101ki! Neaizmirsti, pie d\u0101vanu kartes pievienot&#8230;<\/p>","protected":false},"featured_media":709,"comment_status":"closed","ping_status":"closed","template":"","meta":{"_kad_post_transparent":"default","_kad_post_title":"","_kad_post_layout":"default","_kad_post_sidebar_id":"","_kad_post_content_style":"default","_kad_post_vertical_padding":"default","_kad_post_feature":"","_kad_post_feature_position":"","_kad_post_header":false,"_kad_post_footer":false,"_kad_post_classname":""},"product_brand":[],"product_cat":[37],"product_tag":[],"class_list":{"0":"post-770","1":"product","2":"type-product","3":"status-publish","4":"has-post-thumbnail","6":"product_cat-davanu-karte","8":"first","9":"instock","10":"sold-individually","11":"shipping-taxable","12":"product-type-simple","13":"entry","14":"content-bg","15":"loop-entry"},"yoast_head":"<!-- This site is optimized with the Yoast SEO plugin v27.3 - https:\/\/yoast.com\/product\/yoast-seo-wordpress\/ -->\n<title>D\u0101vanu Karte - ViiEye - Acu Foto Studija<\/title>\n<meta name=\"description\" content=\"D\u0101vanu karte, kas rada saj\u016bsmu!Ieg\u0101d\u0101jaties ViiEye d\u0101vanu karti J\u016bsu izv\u0113l\u0113t\u0101 v\u0113rt\u012bb\u0101, p\u0101rsteidz draugus, m\u012b\u013cotos arneatk\u0101rtojamu pieredzi, ieraugot da\u013cu sevis m\u0101kslas darb\u0101!\" \/>\n<meta name=\"robots\" content=\"index, follow, max-snippet:-1, max-image-preview:large, max-video-preview:-1\" \/>\n<link rel=\"canonical\" href=\"https:\/\/viieye.lv\/en\/produkts\/davanu-karte\/\" \/>\n<meta property=\"og:locale\" content=\"en_GB\" \/>\n<meta property=\"og:type\" content=\"article\" \/>\n<meta property=\"og:title\" content=\"D\u0101vanu Karte - ViiEye - Acu Foto Studija\" \/>\n<meta property=\"og:description\" content=\"D\u0101vanu karte, kas rada saj\u016bsmu!Ieg\u0101d\u0101jaties ViiEye d\u0101vanu karti J\u016bsu izv\u0113l\u0113t\u0101 v\u0113rt\u012bb\u0101, p\u0101rsteidz draugus, m\u012b\u013cotos arneatk\u0101rtojamu pieredzi, ieraugot da\u013cu sevis m\u0101kslas darb\u0101!\" \/>\n<meta property=\"og:url\" content=\"https:\/\/viieye.lv\/en\/produkts\/davanu-karte\/\" \/>\n<meta property=\"og:site_name\" content=\"ViiEye\" \/>\n<meta property=\"article:publisher\" content=\"https:\/\/www.facebook.com\/ViiEyeLV\" \/>\n<meta property=\"article:modified_time\" content=\"2024-03-21T10:18:32+00:00\" \/>\n<meta property=\"og:image\" content=\"https:\/\/viieye.lv\/wp-content\/uploads\/2024\/01\/Acs-Foto-davanu-karte.jpg\" \/>\n\t<meta property=\"og:image:width\" content=\"1980\" \/>\n\t<meta property=\"og:image:height\" content=\"1320\" \/>\n\t<meta property=\"og:image:type\" content=\"image\/jpeg\" \/>\n<meta name=\"twitter:card\" content=\"summary_large_image\" \/>\n<meta name=\"twitter:label1\" content=\"Estimated reading time\" \/>\n\t<meta name=\"twitter:data1\" content=\"1 minute\" \/>\n<script type=\"application\/ld+json\" class=\"yoast-schema-graph\">{\"@context\":\"https:\\\/\\\/schema.org\",\"@graph\":[{\"@type\":\"WebPage\",\"@id\":\"https:\\\/\\\/viieye.lv\\\/en\\\/produkts\\\/davanu-karte\\\/\",\"url\":\"https:\\\/\\\/viieye.lv\\\/en\\\/produkts\\\/davanu-karte\\\/\",\"name\":\"D\u0101vanu Karte - ViiEye - Acu Foto Studija\",\"isPartOf\":{\"@id\":\"https:\\\/\\\/viieye.lv\\\/lv\\\/#website\"},\"primaryImageOfPage\":{\"@id\":\"https:\\\/\\\/viieye.lv\\\/en\\\/produkts\\\/davanu-karte\\\/#primaryimage\"},\"image\":{\"@id\":\"https:\\\/\\\/viieye.lv\\\/en\\\/produkts\\\/davanu-karte\\\/#primaryimage\"},\"thumbnailUrl\":\"https:\\\/\\\/viieye.lv\\\/wp-content\\\/uploads\\\/2024\\\/01\\\/Acs-Foto-davanu-karte.webp\",\"datePublished\":\"2024-01-10T08:37:24+00:00\",\"dateModified\":\"2024-03-21T10:18:32+00:00\",\"description\":\"D\u0101vanu karte, kas rada saj\u016bsmu!Ieg\u0101d\u0101jaties ViiEye d\u0101vanu karti J\u016bsu izv\u0113l\u0113t\u0101 v\u0113rt\u012bb\u0101, p\u0101rsteidz draugus, m\u012b\u013cotos arneatk\u0101rtojamu pieredzi, ieraugot da\u013cu sevis m\u0101kslas darb\u0101!\",\"breadcrumb\":{\"@id\":\"https:\\\/\\\/viieye.lv\\\/en\\\/produkts\\\/davanu-karte\\\/#breadcrumb\"},\"inLanguage\":\"en-GB\",\"potentialAction\":[{\"@type\":\"ReadAction\",\"target\":[\"https:\\\/\\\/viieye.lv\\\/en\\\/produkts\\\/davanu-karte\\\/\"]}]},{\"@type\":\"ImageObject\",\"inLanguage\":\"en-GB\",\"@id\":\"https:\\\/\\\/viieye.lv\\\/en\\\/produkts\\\/davanu-karte\\\/#primaryimage\",\"url\":\"https:\\\/\\\/viieye.lv\\\/wp-content\\\/uploads\\\/2024\\\/01\\\/Acs-Foto-davanu-karte.webp\",\"contentUrl\":\"https:\\\/\\\/viieye.lv\\\/wp-content\\\/uploads\\\/2024\\\/01\\\/Acs-Foto-davanu-karte.webp\",\"width\":1920,\"height\":1280,\"caption\":\"Acs foto d\u0101vanu karte\"},{\"@type\":\"BreadcrumbList\",\"@id\":\"https:\\\/\\\/viieye.lv\\\/en\\\/produkts\\\/davanu-karte\\\/#breadcrumb\",\"itemListElement\":[{\"@type\":\"ListItem\",\"position\":1,\"name\":\"Home\",\"item\":\"https:\\\/\\\/viieye.lv\\\/lv\\\/\"},{\"@type\":\"ListItem\",\"position\":2,\"name\":\"Priv\u0101ts: WooComerce Shop\",\"item\":\"https:\\\/\\\/viieye.lv\\\/lv\\\/?page_id=760\"},{\"@type\":\"ListItem\",\"position\":3,\"name\":\"D\u0101vanu Karte\"}]},{\"@type\":\"WebSite\",\"@id\":\"https:\\\/\\\/viieye.lv\\\/lv\\\/#website\",\"url\":\"https:\\\/\\\/viieye.lv\\\/lv\\\/\",\"name\":\"ViiEye\",\"description\":\"Augst\u0101k\u0101s kvalit\u0101tes acu fotostudija Latvij\u0101\",\"publisher\":{\"@id\":\"https:\\\/\\\/viieye.lv\\\/lv\\\/#organization\"},\"potentialAction\":[{\"@type\":\"SearchAction\",\"target\":{\"@type\":\"EntryPoint\",\"urlTemplate\":\"https:\\\/\\\/viieye.lv\\\/lv\\\/?s={search_term_string}\"},\"query-input\":{\"@type\":\"PropertyValueSpecification\",\"valueRequired\":true,\"valueName\":\"search_term_string\"}}],\"inLanguage\":\"en-GB\"},{\"@type\":\"Organization\",\"@id\":\"https:\\\/\\\/viieye.lv\\\/lv\\\/#organization\",\"name\":\"ViiEye\",\"url\":\"https:\\\/\\\/viieye.lv\\\/lv\\\/\",\"logo\":{\"@type\":\"ImageObject\",\"inLanguage\":\"en-GB\",\"@id\":\"https:\\\/\\\/viieye.lv\\\/lv\\\/#\\\/schema\\\/logo\\\/image\\\/\",\"url\":\"https:\\\/\\\/viieye.lv\\\/wp-content\\\/uploads\\\/2023\\\/09\\\/cropped-Logo-and-Text-transparent-mid.png\",\"contentUrl\":\"https:\\\/\\\/viieye.lv\\\/wp-content\\\/uploads\\\/2023\\\/09\\\/cropped-Logo-and-Text-transparent-mid.png\",\"width\":3363,\"height\":1203,\"caption\":\"ViiEye\"},\"image\":{\"@id\":\"https:\\\/\\\/viieye.lv\\\/lv\\\/#\\\/schema\\\/logo\\\/image\\\/\"},\"sameAs\":[\"https:\\\/\\\/www.facebook.com\\\/ViiEyeLV\",\"https:\\\/\\\/www.tiktok.com\\\/@viieye\",\"https:\\\/\\\/www.instagram.com\\\/viieyelv\\\/\"]}]}<\/script>\n<!-- \/ Yoast SEO plugin. -->","yoast_head_json":{"title":"D\u0101vanu Karte - ViiEye - Acu Foto Studija","description":"D\u0101vanu karte, kas rada saj\u016bsmu!Ieg\u0101d\u0101jaties ViiEye d\u0101vanu karti J\u016bsu izv\u0113l\u0113t\u0101 v\u0113rt\u012bb\u0101, p\u0101rsteidz draugus, m\u012b\u013cotos arneatk\u0101rtojamu pieredzi, ieraugot da\u013cu sevis m\u0101kslas darb\u0101!","robots":{"index":"index","follow":"follow","max-snippet":"max-snippet:-1","max-image-preview":"max-image-preview:large","max-video-preview":"max-video-preview:-1"},"canonical":"https:\/\/viieye.lv\/en\/produkts\/davanu-karte\/","og_locale":"en_GB","og_type":"article","og_title":"D\u0101vanu Karte - ViiEye - Acu Foto Studija","og_description":"D\u0101vanu karte, kas rada saj\u016bsmu!Ieg\u0101d\u0101jaties ViiEye d\u0101vanu karti J\u016bsu izv\u0113l\u0113t\u0101 v\u0113rt\u012bb\u0101, p\u0101rsteidz draugus, m\u012b\u013cotos arneatk\u0101rtojamu pieredzi, ieraugot da\u013cu sevis m\u0101kslas darb\u0101!","og_url":"https:\/\/viieye.lv\/en\/produkts\/davanu-karte\/","og_site_name":"ViiEye","article_publisher":"https:\/\/www.facebook.com\/ViiEyeLV","article_modified_time":"2024-03-21T10:18:32+00:00","og_image":[{"width":1980,"height":1320,"url":"https:\/\/viieye.lv\/wp-content\/uploads\/2024\/01\/Acs-Foto-davanu-karte.jpg","type":"image\/jpeg"}],"twitter_card":"summary_large_image","twitter_misc":{"Estimated reading time":"1 minute"},"schema":{"@context":"https:\/\/schema.org","@graph":[{"@type":"WebPage","@id":"https:\/\/viieye.lv\/en\/produkts\/davanu-karte\/","url":"https:\/\/viieye.lv\/en\/produkts\/davanu-karte\/","name":"D\u0101vanu Karte - ViiEye - Acu Foto Studija","isPartOf":{"@id":"https:\/\/viieye.lv\/lv\/#website"},"primaryImageOfPage":{"@id":"https:\/\/viieye.lv\/en\/produkts\/davanu-karte\/#primaryimage"},"image":{"@id":"https:\/\/viieye.lv\/en\/produkts\/davanu-karte\/#primaryimage"},"thumbnailUrl":"https:\/\/viieye.lv\/wp-content\/uploads\/2024\/01\/Acs-Foto-davanu-karte.webp","datePublished":"2024-01-10T08:37:24+00:00","dateModified":"2024-03-21T10:18:32+00:00","description":"D\u0101vanu karte, kas rada saj\u016bsmu!Ieg\u0101d\u0101jaties ViiEye d\u0101vanu karti J\u016bsu izv\u0113l\u0113t\u0101 v\u0113rt\u012bb\u0101, p\u0101rsteidz draugus, m\u012b\u013cotos arneatk\u0101rtojamu pieredzi, ieraugot da\u013cu sevis m\u0101kslas darb\u0101!","breadcrumb":{"@id":"https:\/\/viieye.lv\/en\/produkts\/davanu-karte\/#breadcrumb"},"inLanguage":"en-GB","potentialAction":[{"@type":"ReadAction","target":["https:\/\/viieye.lv\/en\/produkts\/davanu-karte\/"]}]},{"@type":"ImageObject","inLanguage":"en-GB","@id":"https:\/\/viieye.lv\/en\/produkts\/davanu-karte\/#primaryimage","url":"https:\/\/viieye.lv\/wp-content\/uploads\/2024\/01\/Acs-Foto-davanu-karte.webp","contentUrl":"https:\/\/viieye.lv\/wp-content\/uploads\/2024\/01\/Acs-Foto-davanu-karte.webp","width":1920,"height":1280,"caption":"Acs foto d\u0101vanu karte"},{"@type":"BreadcrumbList","@id":"https:\/\/viieye.lv\/en\/produkts\/davanu-karte\/#breadcrumb","itemListElement":[{"@type":"ListItem","position":1,"name":"Home","item":"https:\/\/viieye.lv\/lv\/"},{"@type":"ListItem","position":2,"name":"Priv\u0101ts: WooComerce Shop","item":"https:\/\/viieye.lv\/lv\/?page_id=760"},{"@type":"ListItem","position":3,"name":"D\u0101vanu Karte"}]},{"@type":"WebSite","@id":"https:\/\/viieye.lv\/lv\/#website","url":"https:\/\/viieye.lv\/lv\/","name":"ViiEye","description":"Augst\u0101k\u0101s kvalit\u0101tes acu fotostudija Latvij\u0101","publisher":{"@id":"https:\/\/viieye.lv\/lv\/#organization"},"potentialAction":[{"@type":"SearchAction","target":{"@type":"EntryPoint","urlTemplate":"https:\/\/viieye.lv\/lv\/?s={search_term_string}"},"query-input":{"@type":"PropertyValueSpecification","valueRequired":true,"valueName":"search_term_string"}}],"inLanguage":"en-GB"},{"@type":"Organization","@id":"https:\/\/viieye.lv\/lv\/#organization","name":"ViiEye","url":"https:\/\/viieye.lv\/lv\/","logo":{"@type":"ImageObject","inLanguage":"en-GB","@id":"https:\/\/viieye.lv\/lv\/#\/schema\/logo\/image\/","url":"https:\/\/viieye.lv\/wp-content\/uploads\/2023\/09\/cropped-Logo-and-Text-transparent-mid.png","contentUrl":"https:\/\/viieye.lv\/wp-content\/uploads\/2023\/09\/cropped-Logo-and-Text-transparent-mid.png","width":3363,"height":1203,"caption":"ViiEye"},"image":{"@id":"https:\/\/viieye.lv\/lv\/#\/schema\/logo\/image\/"},"sameAs":["https:\/\/www.facebook.com\/ViiEyeLV","https:\/\/www.tiktok.com\/@viieye","https:\/\/www.instagram.com\/viieyelv\/"]}]}},"jetpack_sharing_enabled":true,"_links":{"self":[{"href":"https:\/\/viieye.lv\/en\/wp-json\/wp\/v2\/product\/770","targetHints":{"allow":["GET"]}}],"collection":[{"href":"https:\/\/viieye.lv\/en\/wp-json\/wp\/v2\/product"}],"about":[{"href":"https:\/\/viieye.lv\/en\/wp-json\/wp\/v2\/types\/product"}],"replies":[{"embeddable":true,"href":"https:\/\/viieye.lv\/en\/wp-json\/wp\/v2\/comments?post=770"}],"wp:featuredmedia":[{"embeddable":true,"href":"https:\/\/viieye.lv\/en\/wp-json\/wp\/v2\/media\/709"}],"wp:attachment":[{"href":"https:\/\/viieye.lv\/en\/wp-json\/wp\/v2\/media?parent=770"}],"wp:term":[{"taxonomy":"product_brand","embeddable":true,"href":"https:\/\/viieye.lv\/en\/wp-json\/wp\/v2\/product_brand?post=770"},{"taxonomy":"product_cat","embeddable":true,"href":"https:\/\/viieye.lv\/en\/wp-json\/wp\/v2\/product_cat?post=770"},{"taxonomy":"product_tag","embeddable":true,"href":"https:\/\/viieye.lv\/en\/wp-json\/wp\/v2\/product_tag?post=770"}],"curies":[{"name":"wp","href":"https:\/\/api.w.org\/{rel}","templated":true}]}}