{"id":771,"date":"2024-01-10T11:38:06","date_gmt":"2024-01-10T08:38:06","guid":{"rendered":"https:\/\/kki.oqk.mybluehost.me\/?post_type=product&#038;p=771"},"modified":"2026-03-06T22:38:58","modified_gmt":"2026-03-06T19:38:58","slug":"aksesuari","status":"publish","type":"product","link":"https:\/\/viieye.lv\/en\/produkts\/aksesuari\/","title":{"rendered":"Accessories"},"content":{"rendered":"<p>A personalized accessory that we design in the form of a key chain or necklace. Choose this piece of art and wear a part of your loved one every day or choose your eye and get a unique addition to your image!<\/p>\n<p>Offered in 3 colors - silver, gold or black!<\/p>\n<p>Different sizes of pendants are available, it is possible to insert up to several eyes, as well as individual design, or the type of accessory is adapted to your taste.<\/p>\n<p><span class=\"sqsrte-text-color--custom\"><em>Eye photo session is included in the price<\/em><\/span><\/p>\n<p class=\"sqsrte-small\"><span class=\"sqsrte-text-color--custom\"><em>You will also receive your iris image in digital format<\/em><\/span><\/p>","protected":false},"excerpt":{"rendered":"<p>Personaliz\u0113ts aksesu\u0101rs, kuru izstr\u0101d\u0101jam atsl\u0113gu piekari\u0146a vai kaklarotas form\u0101t\u0101. Izv\u0113lies \u0161o m\u0101kslas izstr\u0101d\u0101jumu un n\u0113s\u0101 da\u013cu no sev m\u012b\u013c\u0101 cilv\u0113ka katru dienu vai izv\u0113lies savu aci un ieg\u016bsti unik\u0101lu t\u0113la papildin\u0101jumu! Pied\u0101v\u0101jum\u0101 3 kr\u0101su veidi \u2013 sudraba, zelta vai melns! Ir pieejami da\u017e\u0101di kulonu izm\u0113ri, iesp\u0113jams ievietot l\u012bdz pat vair\u0101k\u0101m ac\u012bm, k\u0101 ar\u012b individu\u0101lais dizains,&#8230;<\/p>","protected":false},"featured_media":699,"comment_status":"closed","ping_status":"closed","template":"","meta":{"_kad_post_transparent":"default","_kad_post_title":"","_kad_post_layout":"default","_kad_post_sidebar_id":"","_kad_post_content_style":"default","_kad_post_vertical_padding":"default","_kad_post_feature":"","_kad_post_feature_position":"","_kad_post_header":false,"_kad_post_footer":false,"_kad_post_classname":""},"product_brand":[],"product_cat":[36],"product_tag":[],"class_list":{"0":"post-771","1":"product","2":"type-product","3":"status-publish","4":"has-post-thumbnail","6":"product_cat-gleznas","8":"first","9":"instock","10":"sold-individually","11":"shipping-taxable","12":"purchasable","13":"product-type-variable","14":"entry","15":"content-bg","16":"loop-entry"},"yoast_head":"<!-- This site is optimized with the Yoast SEO plugin v27.3 - https:\/\/yoast.com\/product\/yoast-seo-wordpress\/ -->\n<title>Aksesu\u0101ri - ViiEye - Acu Foto Studija<\/title>\n<meta name=\"description\" content=\"Personaliz\u0113ts aksesu\u0101rs, kuru izstr\u0101d\u0101jam atsl\u0113gu piekari\u0146a vai kaklarotas form\u0101t\u0101. Izv\u0113lies\u0161o m\u0101kslas izstr\u0101d\u0101jumu un n\u0113s\u0101 da\u013cu no sev m\u012b\u013c\u0101 cilv\u0113ka katru dienu vai izv\u0113lies savu aci unieg\u016bsti unik\u0101lu t\u0113la papildin\u0101jumu!\" \/>\n<meta name=\"robots\" content=\"index, follow, max-snippet:-1, max-image-preview:large, max-video-preview:-1\" \/>\n<link rel=\"canonical\" href=\"https:\/\/viieye.lv\/en\/produkts\/aksesuari\/\" \/>\n<meta property=\"og:locale\" content=\"en_GB\" \/>\n<meta property=\"og:type\" content=\"article\" \/>\n<meta property=\"og:title\" content=\"Aksesu\u0101ri - ViiEye - Acu Foto Studija\" \/>\n<meta property=\"og:description\" content=\"Personaliz\u0113ts aksesu\u0101rs, kuru izstr\u0101d\u0101jam atsl\u0113gu piekari\u0146a vai kaklarotas form\u0101t\u0101. Izv\u0113lies\u0161o m\u0101kslas izstr\u0101d\u0101jumu un n\u0113s\u0101 da\u013cu no sev m\u012b\u013c\u0101 cilv\u0113ka katru dienu vai izv\u0113lies savu aci unieg\u016bsti unik\u0101lu t\u0113la papildin\u0101jumu!\" \/>\n<meta property=\"og:url\" content=\"https:\/\/viieye.lv\/en\/produkts\/aksesuari\/\" \/>\n<meta property=\"og:site_name\" content=\"ViiEye\" \/>\n<meta property=\"article:publisher\" content=\"https:\/\/www.facebook.com\/ViiEyeLV\" \/>\n<meta property=\"article:modified_time\" content=\"2026-03-06T19:38:58+00:00\" \/>\n<meta property=\"og:image\" content=\"https:\/\/viieye.lv\/wp-content\/uploads\/2024\/01\/Acs-Foto-Piekarini.jpg\" \/>\n\t<meta property=\"og:image:width\" content=\"1980\" \/>\n\t<meta property=\"og:image:height\" content=\"1320\" \/>\n\t<meta property=\"og:image:type\" content=\"image\/jpeg\" \/>\n<meta name=\"twitter:card\" content=\"summary_large_image\" \/>\n<meta name=\"twitter:label1\" content=\"Estimated reading time\" \/>\n\t<meta name=\"twitter:data1\" content=\"1 minute\" \/>\n<script type=\"application\/ld+json\" class=\"yoast-schema-graph\">{\"@context\":\"https:\\\/\\\/schema.org\",\"@graph\":[{\"@type\":\"WebPage\",\"@id\":\"https:\\\/\\\/viieye.lv\\\/en\\\/produkts\\\/aksesuari\\\/\",\"url\":\"https:\\\/\\\/viieye.lv\\\/en\\\/produkts\\\/aksesuari\\\/\",\"name\":\"Aksesu\u0101ri - ViiEye - Acu Foto Studija\",\"isPartOf\":{\"@id\":\"https:\\\/\\\/viieye.lv\\\/lv\\\/#website\"},\"primaryImageOfPage\":{\"@id\":\"https:\\\/\\\/viieye.lv\\\/en\\\/produkts\\\/aksesuari\\\/#primaryimage\"},\"image\":{\"@id\":\"https:\\\/\\\/viieye.lv\\\/en\\\/produkts\\\/aksesuari\\\/#primaryimage\"},\"thumbnailUrl\":\"https:\\\/\\\/viieye.lv\\\/wp-content\\\/uploads\\\/2024\\\/01\\\/Acs-Foto-Piekarini.jpg\",\"datePublished\":\"2024-01-10T08:38:06+00:00\",\"dateModified\":\"2026-03-06T19:38:58+00:00\",\"description\":\"Personaliz\u0113ts aksesu\u0101rs, kuru izstr\u0101d\u0101jam atsl\u0113gu piekari\u0146a vai kaklarotas form\u0101t\u0101. Izv\u0113lies\u0161o m\u0101kslas izstr\u0101d\u0101jumu un n\u0113s\u0101 da\u013cu no sev m\u012b\u013c\u0101 cilv\u0113ka katru dienu vai izv\u0113lies savu aci unieg\u016bsti unik\u0101lu t\u0113la papildin\u0101jumu!\",\"breadcrumb\":{\"@id\":\"https:\\\/\\\/viieye.lv\\\/en\\\/produkts\\\/aksesuari\\\/#breadcrumb\"},\"inLanguage\":\"en-GB\",\"potentialAction\":[{\"@type\":\"ReadAction\",\"target\":[\"https:\\\/\\\/viieye.lv\\\/en\\\/produkts\\\/aksesuari\\\/\"]}]},{\"@type\":\"ImageObject\",\"inLanguage\":\"en-GB\",\"@id\":\"https:\\\/\\\/viieye.lv\\\/en\\\/produkts\\\/aksesuari\\\/#primaryimage\",\"url\":\"https:\\\/\\\/viieye.lv\\\/wp-content\\\/uploads\\\/2024\\\/01\\\/Acs-Foto-Piekarini.jpg\",\"contentUrl\":\"https:\\\/\\\/viieye.lv\\\/wp-content\\\/uploads\\\/2024\\\/01\\\/Acs-Foto-Piekarini.jpg\",\"width\":1980,\"height\":1320,\"caption\":\"Acu foto piekari\u0146i\"},{\"@type\":\"BreadcrumbList\",\"@id\":\"https:\\\/\\\/viieye.lv\\\/en\\\/produkts\\\/aksesuari\\\/#breadcrumb\",\"itemListElement\":[{\"@type\":\"ListItem\",\"position\":1,\"name\":\"Home\",\"item\":\"https:\\\/\\\/viieye.lv\\\/lv\\\/\"},{\"@type\":\"ListItem\",\"position\":2,\"name\":\"Priv\u0101ts: WooComerce Shop\",\"item\":\"https:\\\/\\\/viieye.lv\\\/lv\\\/?page_id=760\"},{\"@type\":\"ListItem\",\"position\":3,\"name\":\"Aksesu\u0101ri\"}]},{\"@type\":\"WebSite\",\"@id\":\"https:\\\/\\\/viieye.lv\\\/lv\\\/#website\",\"url\":\"https:\\\/\\\/viieye.lv\\\/lv\\\/\",\"name\":\"ViiEye\",\"description\":\"Augst\u0101k\u0101s kvalit\u0101tes acu fotostudija Latvij\u0101\",\"publisher\":{\"@id\":\"https:\\\/\\\/viieye.lv\\\/lv\\\/#organization\"},\"potentialAction\":[{\"@type\":\"SearchAction\",\"target\":{\"@type\":\"EntryPoint\",\"urlTemplate\":\"https:\\\/\\\/viieye.lv\\\/lv\\\/?s={search_term_string}\"},\"query-input\":{\"@type\":\"PropertyValueSpecification\",\"valueRequired\":true,\"valueName\":\"search_term_string\"}}],\"inLanguage\":\"en-GB\"},{\"@type\":\"Organization\",\"@id\":\"https:\\\/\\\/viieye.lv\\\/lv\\\/#organization\",\"name\":\"ViiEye\",\"url\":\"https:\\\/\\\/viieye.lv\\\/lv\\\/\",\"logo\":{\"@type\":\"ImageObject\",\"inLanguage\":\"en-GB\",\"@id\":\"https:\\\/\\\/viieye.lv\\\/lv\\\/#\\\/schema\\\/logo\\\/image\\\/\",\"url\":\"https:\\\/\\\/viieye.lv\\\/wp-content\\\/uploads\\\/2023\\\/09\\\/cropped-Logo-and-Text-transparent-mid.png\",\"contentUrl\":\"https:\\\/\\\/viieye.lv\\\/wp-content\\\/uploads\\\/2023\\\/09\\\/cropped-Logo-and-Text-transparent-mid.png\",\"width\":3363,\"height\":1203,\"caption\":\"ViiEye\"},\"image\":{\"@id\":\"https:\\\/\\\/viieye.lv\\\/lv\\\/#\\\/schema\\\/logo\\\/image\\\/\"},\"sameAs\":[\"https:\\\/\\\/www.facebook.com\\\/ViiEyeLV\",\"https:\\\/\\\/www.tiktok.com\\\/@viieye\",\"https:\\\/\\\/www.instagram.com\\\/viieyelv\\\/\"]}]}<\/script>\n<!-- \/ Yoast SEO plugin. -->","yoast_head_json":{"title":"Aksesu\u0101ri - ViiEye - Acu Foto Studija","description":"Personaliz\u0113ts aksesu\u0101rs, kuru izstr\u0101d\u0101jam atsl\u0113gu piekari\u0146a vai kaklarotas form\u0101t\u0101. Izv\u0113lies\u0161o m\u0101kslas izstr\u0101d\u0101jumu un n\u0113s\u0101 da\u013cu no sev m\u012b\u013c\u0101 cilv\u0113ka katru dienu vai izv\u0113lies savu aci unieg\u016bsti unik\u0101lu t\u0113la papildin\u0101jumu!","robots":{"index":"index","follow":"follow","max-snippet":"max-snippet:-1","max-image-preview":"max-image-preview:large","max-video-preview":"max-video-preview:-1"},"canonical":"https:\/\/viieye.lv\/en\/produkts\/aksesuari\/","og_locale":"en_GB","og_type":"article","og_title":"Aksesu\u0101ri - ViiEye - Acu Foto Studija","og_description":"Personaliz\u0113ts aksesu\u0101rs, kuru izstr\u0101d\u0101jam atsl\u0113gu piekari\u0146a vai kaklarotas form\u0101t\u0101. Izv\u0113lies\u0161o m\u0101kslas izstr\u0101d\u0101jumu un n\u0113s\u0101 da\u013cu no sev m\u012b\u013c\u0101 cilv\u0113ka katru dienu vai izv\u0113lies savu aci unieg\u016bsti unik\u0101lu t\u0113la papildin\u0101jumu!","og_url":"https:\/\/viieye.lv\/en\/produkts\/aksesuari\/","og_site_name":"ViiEye","article_publisher":"https:\/\/www.facebook.com\/ViiEyeLV","article_modified_time":"2026-03-06T19:38:58+00:00","og_image":[{"width":1980,"height":1320,"url":"https:\/\/viieye.lv\/wp-content\/uploads\/2024\/01\/Acs-Foto-Piekarini.jpg","type":"image\/jpeg"}],"twitter_card":"summary_large_image","twitter_misc":{"Estimated reading time":"1 minute"},"schema":{"@context":"https:\/\/schema.org","@graph":[{"@type":"WebPage","@id":"https:\/\/viieye.lv\/en\/produkts\/aksesuari\/","url":"https:\/\/viieye.lv\/en\/produkts\/aksesuari\/","name":"Aksesu\u0101ri - ViiEye - Acu Foto Studija","isPartOf":{"@id":"https:\/\/viieye.lv\/lv\/#website"},"primaryImageOfPage":{"@id":"https:\/\/viieye.lv\/en\/produkts\/aksesuari\/#primaryimage"},"image":{"@id":"https:\/\/viieye.lv\/en\/produkts\/aksesuari\/#primaryimage"},"thumbnailUrl":"https:\/\/viieye.lv\/wp-content\/uploads\/2024\/01\/Acs-Foto-Piekarini.jpg","datePublished":"2024-01-10T08:38:06+00:00","dateModified":"2026-03-06T19:38:58+00:00","description":"Personaliz\u0113ts aksesu\u0101rs, kuru izstr\u0101d\u0101jam atsl\u0113gu piekari\u0146a vai kaklarotas form\u0101t\u0101. Izv\u0113lies\u0161o m\u0101kslas izstr\u0101d\u0101jumu un n\u0113s\u0101 da\u013cu no sev m\u012b\u013c\u0101 cilv\u0113ka katru dienu vai izv\u0113lies savu aci unieg\u016bsti unik\u0101lu t\u0113la papildin\u0101jumu!","breadcrumb":{"@id":"https:\/\/viieye.lv\/en\/produkts\/aksesuari\/#breadcrumb"},"inLanguage":"en-GB","potentialAction":[{"@type":"ReadAction","target":["https:\/\/viieye.lv\/en\/produkts\/aksesuari\/"]}]},{"@type":"ImageObject","inLanguage":"en-GB","@id":"https:\/\/viieye.lv\/en\/produkts\/aksesuari\/#primaryimage","url":"https:\/\/viieye.lv\/wp-content\/uploads\/2024\/01\/Acs-Foto-Piekarini.jpg","contentUrl":"https:\/\/viieye.lv\/wp-content\/uploads\/2024\/01\/Acs-Foto-Piekarini.jpg","width":1980,"height":1320,"caption":"Acu foto piekari\u0146i"},{"@type":"BreadcrumbList","@id":"https:\/\/viieye.lv\/en\/produkts\/aksesuari\/#breadcrumb","itemListElement":[{"@type":"ListItem","position":1,"name":"Home","item":"https:\/\/viieye.lv\/lv\/"},{"@type":"ListItem","position":2,"name":"Priv\u0101ts: WooComerce Shop","item":"https:\/\/viieye.lv\/lv\/?page_id=760"},{"@type":"ListItem","position":3,"name":"Aksesu\u0101ri"}]},{"@type":"WebSite","@id":"https:\/\/viieye.lv\/lv\/#website","url":"https:\/\/viieye.lv\/lv\/","name":"ViiEye","description":"Augst\u0101k\u0101s kvalit\u0101tes acu fotostudija Latvij\u0101","publisher":{"@id":"https:\/\/viieye.lv\/lv\/#organization"},"potentialAction":[{"@type":"SearchAction","target":{"@type":"EntryPoint","urlTemplate":"https:\/\/viieye.lv\/lv\/?s={search_term_string}"},"query-input":{"@type":"PropertyValueSpecification","valueRequired":true,"valueName":"search_term_string"}}],"inLanguage":"en-GB"},{"@type":"Organization","@id":"https:\/\/viieye.lv\/lv\/#organization","name":"ViiEye","url":"https:\/\/viieye.lv\/lv\/","logo":{"@type":"ImageObject","inLanguage":"en-GB","@id":"https:\/\/viieye.lv\/lv\/#\/schema\/logo\/image\/","url":"https:\/\/viieye.lv\/wp-content\/uploads\/2023\/09\/cropped-Logo-and-Text-transparent-mid.png","contentUrl":"https:\/\/viieye.lv\/wp-content\/uploads\/2023\/09\/cropped-Logo-and-Text-transparent-mid.png","width":3363,"height":1203,"caption":"ViiEye"},"image":{"@id":"https:\/\/viieye.lv\/lv\/#\/schema\/logo\/image\/"},"sameAs":["https:\/\/www.facebook.com\/ViiEyeLV","https:\/\/www.tiktok.com\/@viieye","https:\/\/www.instagram.com\/viieyelv\/"]}]}},"jetpack_sharing_enabled":true,"_links":{"self":[{"href":"https:\/\/viieye.lv\/en\/wp-json\/wp\/v2\/product\/771","targetHints":{"allow":["GET"]}}],"collection":[{"href":"https:\/\/viieye.lv\/en\/wp-json\/wp\/v2\/product"}],"about":[{"href":"https:\/\/viieye.lv\/en\/wp-json\/wp\/v2\/types\/product"}],"replies":[{"embeddable":true,"href":"https:\/\/viieye.lv\/en\/wp-json\/wp\/v2\/comments?post=771"}],"wp:featuredmedia":[{"embeddable":true,"href":"https:\/\/viieye.lv\/en\/wp-json\/wp\/v2\/media\/699"}],"wp:attachment":[{"href":"https:\/\/viieye.lv\/en\/wp-json\/wp\/v2\/media?parent=771"}],"wp:term":[{"taxonomy":"product_brand","embeddable":true,"href":"https:\/\/viieye.lv\/en\/wp-json\/wp\/v2\/product_brand?post=771"},{"taxonomy":"product_cat","embeddable":true,"href":"https:\/\/viieye.lv\/en\/wp-json\/wp\/v2\/product_cat?post=771"},{"taxonomy":"product_tag","embeddable":true,"href":"https:\/\/viieye.lv\/en\/wp-json\/wp\/v2\/product_tag?post=771"}],"curies":[{"name":"wp","href":"https:\/\/api.w.org\/{rel}","templated":true}]}}