{"id":774,"date":"2024-01-10T11:43:38","date_gmt":"2024-01-10T08:43:38","guid":{"rendered":"https:\/\/kki.oqk.mybluehost.me\/?post_type=product&#038;p=774"},"modified":"2026-03-08T16:06:39","modified_gmt":"2026-03-08T13:06:39","slug":"glezna-uz-stativa","status":"publish","type":"product","link":"https:\/\/viieye.lv\/en\/produkts\/glezna-uz-stativa\/","title":{"rendered":"Print On A Stand"},"content":{"rendered":"<p>Make more out of your photos by turning them into a decorative design item. Whether the photo is placed on a desk, dresser or shelf, it will receive the attention it deserves and will not leave you indifferent!<\/p>\n<ul>\n<li>Acrylic (5mm), Metallic Print (3mm), Matte Metallic Print (3mm) or GalleryPrint matte and glossy finishes.<\/li>\n<li>Various sizes available<\/li>\n<li>Available bases: Chrome legs, acrylic base, wooden stand.<\/li>\n<\/ul>\n<p class=\"sqsrte-small\"><em>Eye photo session is included in the price<\/em><\/p>\n<p class=\"sqsrte-small\"><em>You will also receive your iris image in digital format<\/em><\/p>","protected":false},"excerpt":{"rendered":"<p>Padariet no sav\u0101m bild\u0113m vair\u0101k, p\u0101rv\u0113r\u0161ot t\u0101s par dekorat\u012bvu dizaina priek\u0161metu. Neatkar\u012bgi no t\u0101, vai fotogr\u0101fija ir novietota uz rakst\u0101mgalda, kumodes vai plaukta, t\u0101 sa\u0146ems peln\u012bto uzman\u012bbu un neatst\u0101s vienaldz\u012bgu! Akrila (5 mm), met\u0101la apdruka (3 mm), mat\u0113ta met\u0101la apdruka (3 mm) vai GalleryPrint mat\u0113ta un glanc\u0113ta apdare. Pieejami da\u017e\u0101di izm\u0113ri Pieejami pamati: Hrom\u0113tas k\u0101jas,&#8230;<\/p>","protected":false},"featured_media":697,"comment_status":"closed","ping_status":"closed","template":"","meta":{"_kad_post_transparent":"default","_kad_post_title":"","_kad_post_layout":"default","_kad_post_sidebar_id":"","_kad_post_content_style":"default","_kad_post_vertical_padding":"default","_kad_post_feature":"","_kad_post_feature_position":"","_kad_post_header":false,"_kad_post_footer":false,"_kad_post_classname":""},"product_brand":[],"product_cat":[36],"product_tag":[],"class_list":{"0":"post-774","1":"product","2":"type-product","3":"status-publish","4":"has-post-thumbnail","6":"product_cat-gleznas","8":"first","9":"instock","10":"sold-individually","11":"shipping-taxable","12":"purchasable","13":"product-type-variable","14":"entry","15":"content-bg","16":"loop-entry"},"yoast_head":"<!-- This site is optimized with the Yoast SEO plugin v27.3 - https:\/\/yoast.com\/product\/yoast-seo-wordpress\/ -->\n<title>Glezna Uz Stat\u012bva - ViiEye - Acu Foto Studija<\/title>\n<meta name=\"description\" content=\"Padariet no sav\u0101m bild\u0113m vair\u0101k, p\u0101rv\u0113r\u0161ot t\u0101s par dekorat\u012bvu dizaina priek\u0161metu. T\u0101 sa\u0146ems peln\u012bto uzman\u012bbu un neatst\u0101s vienaldz\u012bgu!\" \/>\n<meta name=\"robots\" content=\"index, follow, max-snippet:-1, max-image-preview:large, max-video-preview:-1\" \/>\n<link rel=\"canonical\" href=\"https:\/\/viieye.lv\/en\/produkts\/glezna-uz-stativa\/\" \/>\n<meta property=\"og:locale\" content=\"en_GB\" \/>\n<meta property=\"og:type\" content=\"article\" \/>\n<meta property=\"og:title\" content=\"Glezna Uz Stat\u012bva - ViiEye - Acu Foto Studija\" \/>\n<meta property=\"og:description\" content=\"Padariet no sav\u0101m bild\u0113m vair\u0101k, p\u0101rv\u0113r\u0161ot t\u0101s par dekorat\u012bvu dizaina priek\u0161metu. T\u0101 sa\u0146ems peln\u012bto uzman\u012bbu un neatst\u0101s vienaldz\u012bgu!\" \/>\n<meta property=\"og:url\" content=\"https:\/\/viieye.lv\/en\/produkts\/glezna-uz-stativa\/\" \/>\n<meta property=\"og:site_name\" content=\"ViiEye\" \/>\n<meta property=\"article:publisher\" content=\"https:\/\/www.facebook.com\/ViiEyeLV\" \/>\n<meta property=\"article:modified_time\" content=\"2026-03-08T13:06:39+00:00\" \/>\n<meta property=\"og:image\" content=\"https:\/\/viieye.lv\/wp-content\/uploads\/2024\/01\/Acs-Foto-Plaksne-2.jpg\" \/>\n\t<meta property=\"og:image:width\" content=\"1980\" \/>\n\t<meta property=\"og:image:height\" content=\"1320\" \/>\n\t<meta property=\"og:image:type\" content=\"image\/jpeg\" \/>\n<meta name=\"twitter:card\" content=\"summary_large_image\" \/>\n<meta name=\"twitter:label1\" content=\"Estimated reading time\" \/>\n\t<meta name=\"twitter:data1\" content=\"1 minute\" \/>\n<script type=\"application\/ld+json\" class=\"yoast-schema-graph\">{\"@context\":\"https:\\\/\\\/schema.org\",\"@graph\":[{\"@type\":\"WebPage\",\"@id\":\"https:\\\/\\\/viieye.lv\\\/en\\\/produkts\\\/glezna-uz-stativa\\\/\",\"url\":\"https:\\\/\\\/viieye.lv\\\/en\\\/produkts\\\/glezna-uz-stativa\\\/\",\"name\":\"Glezna Uz Stat\u012bva - ViiEye - Acu Foto Studija\",\"isPartOf\":{\"@id\":\"https:\\\/\\\/viieye.lv\\\/lv\\\/#website\"},\"primaryImageOfPage\":{\"@id\":\"https:\\\/\\\/viieye.lv\\\/en\\\/produkts\\\/glezna-uz-stativa\\\/#primaryimage\"},\"image\":{\"@id\":\"https:\\\/\\\/viieye.lv\\\/en\\\/produkts\\\/glezna-uz-stativa\\\/#primaryimage\"},\"thumbnailUrl\":\"https:\\\/\\\/viieye.lv\\\/wp-content\\\/uploads\\\/2024\\\/01\\\/Acs-Foto-Plaksne-2.jpg\",\"datePublished\":\"2024-01-10T08:43:38+00:00\",\"dateModified\":\"2026-03-08T13:06:39+00:00\",\"description\":\"Padariet no sav\u0101m bild\u0113m vair\u0101k, p\u0101rv\u0113r\u0161ot t\u0101s par dekorat\u012bvu dizaina priek\u0161metu. T\u0101 sa\u0146ems peln\u012bto uzman\u012bbu un neatst\u0101s vienaldz\u012bgu!\",\"breadcrumb\":{\"@id\":\"https:\\\/\\\/viieye.lv\\\/en\\\/produkts\\\/glezna-uz-stativa\\\/#breadcrumb\"},\"inLanguage\":\"en-GB\",\"potentialAction\":[{\"@type\":\"ReadAction\",\"target\":[\"https:\\\/\\\/viieye.lv\\\/en\\\/produkts\\\/glezna-uz-stativa\\\/\"]}]},{\"@type\":\"ImageObject\",\"inLanguage\":\"en-GB\",\"@id\":\"https:\\\/\\\/viieye.lv\\\/en\\\/produkts\\\/glezna-uz-stativa\\\/#primaryimage\",\"url\":\"https:\\\/\\\/viieye.lv\\\/wp-content\\\/uploads\\\/2024\\\/01\\\/Acs-Foto-Plaksne-2.jpg\",\"contentUrl\":\"https:\\\/\\\/viieye.lv\\\/wp-content\\\/uploads\\\/2024\\\/01\\\/Acs-Foto-Plaksne-2.jpg\",\"width\":1980,\"height\":1320,\"caption\":\"Acs foto uz akrila pl\u0101ksnes\"},{\"@type\":\"BreadcrumbList\",\"@id\":\"https:\\\/\\\/viieye.lv\\\/en\\\/produkts\\\/glezna-uz-stativa\\\/#breadcrumb\",\"itemListElement\":[{\"@type\":\"ListItem\",\"position\":1,\"name\":\"Home\",\"item\":\"https:\\\/\\\/viieye.lv\\\/lv\\\/\"},{\"@type\":\"ListItem\",\"position\":2,\"name\":\"Priv\u0101ts: WooComerce Shop\",\"item\":\"https:\\\/\\\/viieye.lv\\\/lv\\\/?page_id=760\"},{\"@type\":\"ListItem\",\"position\":3,\"name\":\"Glezna Uz Stat\u012bva\"}]},{\"@type\":\"WebSite\",\"@id\":\"https:\\\/\\\/viieye.lv\\\/lv\\\/#website\",\"url\":\"https:\\\/\\\/viieye.lv\\\/lv\\\/\",\"name\":\"ViiEye\",\"description\":\"Augst\u0101k\u0101s kvalit\u0101tes acu fotostudija Latvij\u0101\",\"publisher\":{\"@id\":\"https:\\\/\\\/viieye.lv\\\/lv\\\/#organization\"},\"potentialAction\":[{\"@type\":\"SearchAction\",\"target\":{\"@type\":\"EntryPoint\",\"urlTemplate\":\"https:\\\/\\\/viieye.lv\\\/lv\\\/?s={search_term_string}\"},\"query-input\":{\"@type\":\"PropertyValueSpecification\",\"valueRequired\":true,\"valueName\":\"search_term_string\"}}],\"inLanguage\":\"en-GB\"},{\"@type\":\"Organization\",\"@id\":\"https:\\\/\\\/viieye.lv\\\/lv\\\/#organization\",\"name\":\"ViiEye\",\"url\":\"https:\\\/\\\/viieye.lv\\\/lv\\\/\",\"logo\":{\"@type\":\"ImageObject\",\"inLanguage\":\"en-GB\",\"@id\":\"https:\\\/\\\/viieye.lv\\\/lv\\\/#\\\/schema\\\/logo\\\/image\\\/\",\"url\":\"https:\\\/\\\/viieye.lv\\\/wp-content\\\/uploads\\\/2023\\\/09\\\/cropped-Logo-and-Text-transparent-mid.png\",\"contentUrl\":\"https:\\\/\\\/viieye.lv\\\/wp-content\\\/uploads\\\/2023\\\/09\\\/cropped-Logo-and-Text-transparent-mid.png\",\"width\":3363,\"height\":1203,\"caption\":\"ViiEye\"},\"image\":{\"@id\":\"https:\\\/\\\/viieye.lv\\\/lv\\\/#\\\/schema\\\/logo\\\/image\\\/\"},\"sameAs\":[\"https:\\\/\\\/www.facebook.com\\\/ViiEyeLV\",\"https:\\\/\\\/www.tiktok.com\\\/@viieye\",\"https:\\\/\\\/www.instagram.com\\\/viieyelv\\\/\"]}]}<\/script>\n<!-- \/ Yoast SEO plugin. -->","yoast_head_json":{"title":"Glezna Uz Stat\u012bva - ViiEye - Acu Foto Studija","description":"Padariet no sav\u0101m bild\u0113m vair\u0101k, p\u0101rv\u0113r\u0161ot t\u0101s par dekorat\u012bvu dizaina priek\u0161metu. T\u0101 sa\u0146ems peln\u012bto uzman\u012bbu un neatst\u0101s vienaldz\u012bgu!","robots":{"index":"index","follow":"follow","max-snippet":"max-snippet:-1","max-image-preview":"max-image-preview:large","max-video-preview":"max-video-preview:-1"},"canonical":"https:\/\/viieye.lv\/en\/produkts\/glezna-uz-stativa\/","og_locale":"en_GB","og_type":"article","og_title":"Glezna Uz Stat\u012bva - ViiEye - Acu Foto Studija","og_description":"Padariet no sav\u0101m bild\u0113m vair\u0101k, p\u0101rv\u0113r\u0161ot t\u0101s par dekorat\u012bvu dizaina priek\u0161metu. T\u0101 sa\u0146ems peln\u012bto uzman\u012bbu un neatst\u0101s vienaldz\u012bgu!","og_url":"https:\/\/viieye.lv\/en\/produkts\/glezna-uz-stativa\/","og_site_name":"ViiEye","article_publisher":"https:\/\/www.facebook.com\/ViiEyeLV","article_modified_time":"2026-03-08T13:06:39+00:00","og_image":[{"width":1980,"height":1320,"url":"https:\/\/viieye.lv\/wp-content\/uploads\/2024\/01\/Acs-Foto-Plaksne-2.jpg","type":"image\/jpeg"}],"twitter_card":"summary_large_image","twitter_misc":{"Estimated reading time":"1 minute"},"schema":{"@context":"https:\/\/schema.org","@graph":[{"@type":"WebPage","@id":"https:\/\/viieye.lv\/en\/produkts\/glezna-uz-stativa\/","url":"https:\/\/viieye.lv\/en\/produkts\/glezna-uz-stativa\/","name":"Glezna Uz Stat\u012bva - ViiEye - Acu Foto Studija","isPartOf":{"@id":"https:\/\/viieye.lv\/lv\/#website"},"primaryImageOfPage":{"@id":"https:\/\/viieye.lv\/en\/produkts\/glezna-uz-stativa\/#primaryimage"},"image":{"@id":"https:\/\/viieye.lv\/en\/produkts\/glezna-uz-stativa\/#primaryimage"},"thumbnailUrl":"https:\/\/viieye.lv\/wp-content\/uploads\/2024\/01\/Acs-Foto-Plaksne-2.jpg","datePublished":"2024-01-10T08:43:38+00:00","dateModified":"2026-03-08T13:06:39+00:00","description":"Padariet no sav\u0101m bild\u0113m vair\u0101k, p\u0101rv\u0113r\u0161ot t\u0101s par dekorat\u012bvu dizaina priek\u0161metu. T\u0101 sa\u0146ems peln\u012bto uzman\u012bbu un neatst\u0101s vienaldz\u012bgu!","breadcrumb":{"@id":"https:\/\/viieye.lv\/en\/produkts\/glezna-uz-stativa\/#breadcrumb"},"inLanguage":"en-GB","potentialAction":[{"@type":"ReadAction","target":["https:\/\/viieye.lv\/en\/produkts\/glezna-uz-stativa\/"]}]},{"@type":"ImageObject","inLanguage":"en-GB","@id":"https:\/\/viieye.lv\/en\/produkts\/glezna-uz-stativa\/#primaryimage","url":"https:\/\/viieye.lv\/wp-content\/uploads\/2024\/01\/Acs-Foto-Plaksne-2.jpg","contentUrl":"https:\/\/viieye.lv\/wp-content\/uploads\/2024\/01\/Acs-Foto-Plaksne-2.jpg","width":1980,"height":1320,"caption":"Acs foto uz akrila pl\u0101ksnes"},{"@type":"BreadcrumbList","@id":"https:\/\/viieye.lv\/en\/produkts\/glezna-uz-stativa\/#breadcrumb","itemListElement":[{"@type":"ListItem","position":1,"name":"Home","item":"https:\/\/viieye.lv\/lv\/"},{"@type":"ListItem","position":2,"name":"Priv\u0101ts: WooComerce Shop","item":"https:\/\/viieye.lv\/lv\/?page_id=760"},{"@type":"ListItem","position":3,"name":"Glezna Uz Stat\u012bva"}]},{"@type":"WebSite","@id":"https:\/\/viieye.lv\/lv\/#website","url":"https:\/\/viieye.lv\/lv\/","name":"ViiEye","description":"Augst\u0101k\u0101s kvalit\u0101tes acu fotostudija Latvij\u0101","publisher":{"@id":"https:\/\/viieye.lv\/lv\/#organization"},"potentialAction":[{"@type":"SearchAction","target":{"@type":"EntryPoint","urlTemplate":"https:\/\/viieye.lv\/lv\/?s={search_term_string}"},"query-input":{"@type":"PropertyValueSpecification","valueRequired":true,"valueName":"search_term_string"}}],"inLanguage":"en-GB"},{"@type":"Organization","@id":"https:\/\/viieye.lv\/lv\/#organization","name":"ViiEye","url":"https:\/\/viieye.lv\/lv\/","logo":{"@type":"ImageObject","inLanguage":"en-GB","@id":"https:\/\/viieye.lv\/lv\/#\/schema\/logo\/image\/","url":"https:\/\/viieye.lv\/wp-content\/uploads\/2023\/09\/cropped-Logo-and-Text-transparent-mid.png","contentUrl":"https:\/\/viieye.lv\/wp-content\/uploads\/2023\/09\/cropped-Logo-and-Text-transparent-mid.png","width":3363,"height":1203,"caption":"ViiEye"},"image":{"@id":"https:\/\/viieye.lv\/lv\/#\/schema\/logo\/image\/"},"sameAs":["https:\/\/www.facebook.com\/ViiEyeLV","https:\/\/www.tiktok.com\/@viieye","https:\/\/www.instagram.com\/viieyelv\/"]}]}},"jetpack_sharing_enabled":true,"_links":{"self":[{"href":"https:\/\/viieye.lv\/en\/wp-json\/wp\/v2\/product\/774","targetHints":{"allow":["GET"]}}],"collection":[{"href":"https:\/\/viieye.lv\/en\/wp-json\/wp\/v2\/product"}],"about":[{"href":"https:\/\/viieye.lv\/en\/wp-json\/wp\/v2\/types\/product"}],"replies":[{"embeddable":true,"href":"https:\/\/viieye.lv\/en\/wp-json\/wp\/v2\/comments?post=774"}],"wp:featuredmedia":[{"embeddable":true,"href":"https:\/\/viieye.lv\/en\/wp-json\/wp\/v2\/media\/697"}],"wp:attachment":[{"href":"https:\/\/viieye.lv\/en\/wp-json\/wp\/v2\/media?parent=774"}],"wp:term":[{"taxonomy":"product_brand","embeddable":true,"href":"https:\/\/viieye.lv\/en\/wp-json\/wp\/v2\/product_brand?post=774"},{"taxonomy":"product_cat","embeddable":true,"href":"https:\/\/viieye.lv\/en\/wp-json\/wp\/v2\/product_cat?post=774"},{"taxonomy":"product_tag","embeddable":true,"href":"https:\/\/viieye.lv\/en\/wp-json\/wp\/v2\/product_tag?post=774"}],"curies":[{"name":"wp","href":"https:\/\/api.w.org\/{rel}","templated":true}]}}