{"id":775,"date":"2024-01-10T11:44:10","date_gmt":"2024-01-10T08:44:10","guid":{"rendered":"https:\/\/kki.oqk.mybluehost.me\/?post_type=product&#038;p=775"},"modified":"2026-03-08T16:05:37","modified_gmt":"2026-03-08T13:05:37","slug":"akrila-bloks","status":"publish","type":"product","link":"https:\/\/viieye.lv\/en\/produkts\/akrila-bloks\/","title":{"rendered":"Acrylic Block"},"content":{"rendered":"<p>Acrylic Block is an elegant photo screen made of solid acrylic and, thanks to its simple design, fits into any room design. Due to the width of the photo block, the colors of the inserted photo are reflected to the side depending on the viewing angle. Together with the Photo Block you receive a photo print on FUJIFILM silk paper. The magnetic plate attached behind the Acrylic Block allows it to be quickly replaced.<\/p>\n<ul>\n<li>The photo block is made of durable 18 mm thick acrylic.<\/li>\n<li>The photo can be changed<\/li>\n<\/ul>\n<p class=\"sqsrte-small\"><em>Eye photo session is included in the price<\/em><\/p>\n<p class=\"sqsrte-small\"><em>You will also receive your iris image in digital format<\/em><\/p>","protected":false},"excerpt":{"rendered":"<p>Akrila Bloks ir elegants fotoekr\u0101ns, kas izgatavots no cieta akrila un, pateicoties savam vienk\u0101r\u0161ajam dizainam, iek\u013caujas jebkur\u0101 telpas dizain\u0101. Foto bloka platuma d\u0113\u013c ievietot\u0101s fotogr\u0101fijas kr\u0101sas atspogu\u013cojas uz s\u0101niem atkar\u012bb\u0101 no skat\u012b\u0161an\u0101s le\u0146\u0137a. Kop\u0101 ar Photo Block J\u016bs sa\u0146emat fotogr\u0101fijas izdruku uz FUJIFILM z\u012bda pap\u012bra. Aiz Akrila Bloka piestiprin\u0101t\u0101 magn\u0113tisk\u0101 pl\u0101ksn\u012bte \u013cauj to \u0101tri nomain\u012bt&#8230;.<\/p>","protected":false},"featured_media":695,"comment_status":"closed","ping_status":"closed","template":"","meta":{"_kad_post_transparent":"default","_kad_post_title":"","_kad_post_layout":"default","_kad_post_sidebar_id":"","_kad_post_content_style":"default","_kad_post_vertical_padding":"default","_kad_post_feature":"","_kad_post_feature_position":"","_kad_post_header":false,"_kad_post_footer":false,"_kad_post_classname":""},"product_brand":[],"product_cat":[36],"product_tag":[],"class_list":{"0":"post-775","1":"product","2":"type-product","3":"status-publish","4":"has-post-thumbnail","6":"product_cat-gleznas","8":"first","9":"instock","10":"sold-individually","11":"shipping-taxable","12":"purchasable","13":"product-type-variable","14":"entry","15":"content-bg","16":"loop-entry"},"yoast_head":"<!-- This site is optimized with the Yoast SEO plugin v27.3 - https:\/\/yoast.com\/product\/yoast-seo-wordpress\/ -->\n<title>Akrila Bloks - ViiEye - Acu Foto Studija<\/title>\n<meta name=\"description\" content=\"Akrila Bloks ir elegants fotoekr\u0101ns, kas izgatavots no cieta akrila un, pateicoties savam vienk\u0101r\u0161ajam dizainam, iek\u013caujas jebkur\u0101 telpas dizain\u0101.\" \/>\n<meta name=\"robots\" content=\"index, follow, max-snippet:-1, max-image-preview:large, max-video-preview:-1\" \/>\n<link rel=\"canonical\" href=\"https:\/\/viieye.lv\/en\/produkts\/akrila-bloks\/\" \/>\n<meta property=\"og:locale\" content=\"en_GB\" \/>\n<meta property=\"og:type\" content=\"article\" \/>\n<meta property=\"og:title\" content=\"Akrila Bloks - ViiEye - Acu Foto Studija\" \/>\n<meta property=\"og:description\" content=\"Akrila Bloks ir elegants fotoekr\u0101ns, kas izgatavots no cieta akrila un, pateicoties savam vienk\u0101r\u0161ajam dizainam, iek\u013caujas jebkur\u0101 telpas dizain\u0101.\" \/>\n<meta property=\"og:url\" content=\"https:\/\/viieye.lv\/en\/produkts\/akrila-bloks\/\" \/>\n<meta property=\"og:site_name\" content=\"ViiEye\" \/>\n<meta property=\"article:publisher\" content=\"https:\/\/www.facebook.com\/ViiEyeLV\" \/>\n<meta property=\"article:modified_time\" content=\"2026-03-08T13:05:37+00:00\" \/>\n<meta property=\"og:image\" content=\"https:\/\/viieye.lv\/wp-content\/uploads\/2024\/01\/Acs-Foto-bloks.jpg\" \/>\n\t<meta property=\"og:image:width\" content=\"1980\" \/>\n\t<meta property=\"og:image:height\" content=\"1320\" \/>\n\t<meta property=\"og:image:type\" content=\"image\/jpeg\" \/>\n<meta name=\"twitter:card\" content=\"summary_large_image\" \/>\n<meta name=\"twitter:label1\" content=\"Estimated reading time\" \/>\n\t<meta name=\"twitter:data1\" content=\"1 minute\" \/>\n<script type=\"application\/ld+json\" class=\"yoast-schema-graph\">{\"@context\":\"https:\\\/\\\/schema.org\",\"@graph\":[{\"@type\":\"WebPage\",\"@id\":\"https:\\\/\\\/viieye.lv\\\/lv\\\/produkts\\\/akrila-bloks\\\/\",\"url\":\"https:\\\/\\\/viieye.lv\\\/lv\\\/produkts\\\/akrila-bloks\\\/\",\"name\":\"Akrila Bloks - ViiEye - Acu Foto Studija\",\"isPartOf\":{\"@id\":\"https:\\\/\\\/viieye.lv\\\/lv\\\/#website\"},\"primaryImageOfPage\":{\"@id\":\"https:\\\/\\\/viieye.lv\\\/lv\\\/produkts\\\/akrila-bloks\\\/#primaryimage\"},\"image\":{\"@id\":\"https:\\\/\\\/viieye.lv\\\/lv\\\/produkts\\\/akrila-bloks\\\/#primaryimage\"},\"thumbnailUrl\":\"https:\\\/\\\/viieye.lv\\\/wp-content\\\/uploads\\\/2024\\\/01\\\/Acs-Foto-bloks.jpg\",\"datePublished\":\"2024-01-10T08:44:10+00:00\",\"dateModified\":\"2026-03-08T13:05:37+00:00\",\"description\":\"Akrila Bloks ir elegants fotoekr\u0101ns, kas izgatavots no cieta akrila un, pateicoties savam vienk\u0101r\u0161ajam dizainam, iek\u013caujas jebkur\u0101 telpas dizain\u0101.\",\"breadcrumb\":{\"@id\":\"https:\\\/\\\/viieye.lv\\\/lv\\\/produkts\\\/akrila-bloks\\\/#breadcrumb\"},\"inLanguage\":\"en-GB\",\"potentialAction\":[{\"@type\":\"ReadAction\",\"target\":[\"https:\\\/\\\/viieye.lv\\\/lv\\\/produkts\\\/akrila-bloks\\\/\"]}]},{\"@type\":\"ImageObject\",\"inLanguage\":\"en-GB\",\"@id\":\"https:\\\/\\\/viieye.lv\\\/lv\\\/produkts\\\/akrila-bloks\\\/#primaryimage\",\"url\":\"https:\\\/\\\/viieye.lv\\\/wp-content\\\/uploads\\\/2024\\\/01\\\/Acs-Foto-bloks.jpg\",\"contentUrl\":\"https:\\\/\\\/viieye.lv\\\/wp-content\\\/uploads\\\/2024\\\/01\\\/Acs-Foto-bloks.jpg\",\"width\":1980,\"height\":1320,\"caption\":\"Acs foto akrila bloks\"},{\"@type\":\"BreadcrumbList\",\"@id\":\"https:\\\/\\\/viieye.lv\\\/lv\\\/produkts\\\/akrila-bloks\\\/#breadcrumb\",\"itemListElement\":[{\"@type\":\"ListItem\",\"position\":1,\"name\":\"Home\",\"item\":\"https:\\\/\\\/viieye.lv\\\/lv\\\/\"},{\"@type\":\"ListItem\",\"position\":2,\"name\":\"Priv\u0101ts: WooComerce Shop\",\"item\":\"https:\\\/\\\/viieye.lv\\\/lv\\\/?page_id=760\"},{\"@type\":\"ListItem\",\"position\":3,\"name\":\"Akrila Bloks\"}]},{\"@type\":\"WebSite\",\"@id\":\"https:\\\/\\\/viieye.lv\\\/lv\\\/#website\",\"url\":\"https:\\\/\\\/viieye.lv\\\/lv\\\/\",\"name\":\"ViiEye\",\"description\":\"Augst\u0101k\u0101s kvalit\u0101tes acu fotostudija Latvij\u0101\",\"publisher\":{\"@id\":\"https:\\\/\\\/viieye.lv\\\/lv\\\/#organization\"},\"potentialAction\":[{\"@type\":\"SearchAction\",\"target\":{\"@type\":\"EntryPoint\",\"urlTemplate\":\"https:\\\/\\\/viieye.lv\\\/lv\\\/?s={search_term_string}\"},\"query-input\":{\"@type\":\"PropertyValueSpecification\",\"valueRequired\":true,\"valueName\":\"search_term_string\"}}],\"inLanguage\":\"en-GB\"},{\"@type\":\"Organization\",\"@id\":\"https:\\\/\\\/viieye.lv\\\/lv\\\/#organization\",\"name\":\"ViiEye\",\"url\":\"https:\\\/\\\/viieye.lv\\\/lv\\\/\",\"logo\":{\"@type\":\"ImageObject\",\"inLanguage\":\"en-GB\",\"@id\":\"https:\\\/\\\/viieye.lv\\\/lv\\\/#\\\/schema\\\/logo\\\/image\\\/\",\"url\":\"https:\\\/\\\/viieye.lv\\\/wp-content\\\/uploads\\\/2023\\\/09\\\/cropped-Logo-and-Text-transparent-mid.png\",\"contentUrl\":\"https:\\\/\\\/viieye.lv\\\/wp-content\\\/uploads\\\/2023\\\/09\\\/cropped-Logo-and-Text-transparent-mid.png\",\"width\":3363,\"height\":1203,\"caption\":\"ViiEye\"},\"image\":{\"@id\":\"https:\\\/\\\/viieye.lv\\\/lv\\\/#\\\/schema\\\/logo\\\/image\\\/\"},\"sameAs\":[\"https:\\\/\\\/www.facebook.com\\\/ViiEyeLV\",\"https:\\\/\\\/www.tiktok.com\\\/@viieye\",\"https:\\\/\\\/www.instagram.com\\\/viieyelv\\\/\"]}]}<\/script>\n<!-- \/ Yoast SEO plugin. -->","yoast_head_json":{"title":"Akrila Bloks - ViiEye - Acu Foto Studija","description":"Akrila Bloks ir elegants fotoekr\u0101ns, kas izgatavots no cieta akrila un, pateicoties savam vienk\u0101r\u0161ajam dizainam, iek\u013caujas jebkur\u0101 telpas dizain\u0101.","robots":{"index":"index","follow":"follow","max-snippet":"max-snippet:-1","max-image-preview":"max-image-preview:large","max-video-preview":"max-video-preview:-1"},"canonical":"https:\/\/viieye.lv\/en\/produkts\/akrila-bloks\/","og_locale":"en_GB","og_type":"article","og_title":"Akrila Bloks - ViiEye - Acu Foto Studija","og_description":"Akrila Bloks ir elegants fotoekr\u0101ns, kas izgatavots no cieta akrila un, pateicoties savam vienk\u0101r\u0161ajam dizainam, iek\u013caujas jebkur\u0101 telpas dizain\u0101.","og_url":"https:\/\/viieye.lv\/en\/produkts\/akrila-bloks\/","og_site_name":"ViiEye","article_publisher":"https:\/\/www.facebook.com\/ViiEyeLV","article_modified_time":"2026-03-08T13:05:37+00:00","og_image":[{"width":1980,"height":1320,"url":"https:\/\/viieye.lv\/wp-content\/uploads\/2024\/01\/Acs-Foto-bloks.jpg","type":"image\/jpeg"}],"twitter_card":"summary_large_image","twitter_misc":{"Estimated reading time":"1 minute"},"schema":{"@context":"https:\/\/schema.org","@graph":[{"@type":"WebPage","@id":"https:\/\/viieye.lv\/lv\/produkts\/akrila-bloks\/","url":"https:\/\/viieye.lv\/lv\/produkts\/akrila-bloks\/","name":"Akrila Bloks - ViiEye - Acu Foto Studija","isPartOf":{"@id":"https:\/\/viieye.lv\/lv\/#website"},"primaryImageOfPage":{"@id":"https:\/\/viieye.lv\/lv\/produkts\/akrila-bloks\/#primaryimage"},"image":{"@id":"https:\/\/viieye.lv\/lv\/produkts\/akrila-bloks\/#primaryimage"},"thumbnailUrl":"https:\/\/viieye.lv\/wp-content\/uploads\/2024\/01\/Acs-Foto-bloks.jpg","datePublished":"2024-01-10T08:44:10+00:00","dateModified":"2026-03-08T13:05:37+00:00","description":"Akrila Bloks ir elegants fotoekr\u0101ns, kas izgatavots no cieta akrila un, pateicoties savam vienk\u0101r\u0161ajam dizainam, iek\u013caujas jebkur\u0101 telpas dizain\u0101.","breadcrumb":{"@id":"https:\/\/viieye.lv\/lv\/produkts\/akrila-bloks\/#breadcrumb"},"inLanguage":"en-GB","potentialAction":[{"@type":"ReadAction","target":["https:\/\/viieye.lv\/lv\/produkts\/akrila-bloks\/"]}]},{"@type":"ImageObject","inLanguage":"en-GB","@id":"https:\/\/viieye.lv\/lv\/produkts\/akrila-bloks\/#primaryimage","url":"https:\/\/viieye.lv\/wp-content\/uploads\/2024\/01\/Acs-Foto-bloks.jpg","contentUrl":"https:\/\/viieye.lv\/wp-content\/uploads\/2024\/01\/Acs-Foto-bloks.jpg","width":1980,"height":1320,"caption":"Acs foto akrila bloks"},{"@type":"BreadcrumbList","@id":"https:\/\/viieye.lv\/lv\/produkts\/akrila-bloks\/#breadcrumb","itemListElement":[{"@type":"ListItem","position":1,"name":"Home","item":"https:\/\/viieye.lv\/lv\/"},{"@type":"ListItem","position":2,"name":"Priv\u0101ts: WooComerce Shop","item":"https:\/\/viieye.lv\/lv\/?page_id=760"},{"@type":"ListItem","position":3,"name":"Akrila Bloks"}]},{"@type":"WebSite","@id":"https:\/\/viieye.lv\/lv\/#website","url":"https:\/\/viieye.lv\/lv\/","name":"ViiEye","description":"Augst\u0101k\u0101s kvalit\u0101tes acu fotostudija Latvij\u0101","publisher":{"@id":"https:\/\/viieye.lv\/lv\/#organization"},"potentialAction":[{"@type":"SearchAction","target":{"@type":"EntryPoint","urlTemplate":"https:\/\/viieye.lv\/lv\/?s={search_term_string}"},"query-input":{"@type":"PropertyValueSpecification","valueRequired":true,"valueName":"search_term_string"}}],"inLanguage":"en-GB"},{"@type":"Organization","@id":"https:\/\/viieye.lv\/lv\/#organization","name":"ViiEye","url":"https:\/\/viieye.lv\/lv\/","logo":{"@type":"ImageObject","inLanguage":"en-GB","@id":"https:\/\/viieye.lv\/lv\/#\/schema\/logo\/image\/","url":"https:\/\/viieye.lv\/wp-content\/uploads\/2023\/09\/cropped-Logo-and-Text-transparent-mid.png","contentUrl":"https:\/\/viieye.lv\/wp-content\/uploads\/2023\/09\/cropped-Logo-and-Text-transparent-mid.png","width":3363,"height":1203,"caption":"ViiEye"},"image":{"@id":"https:\/\/viieye.lv\/lv\/#\/schema\/logo\/image\/"},"sameAs":["https:\/\/www.facebook.com\/ViiEyeLV","https:\/\/www.tiktok.com\/@viieye","https:\/\/www.instagram.com\/viieyelv\/"]}]}},"jetpack_sharing_enabled":true,"_links":{"self":[{"href":"https:\/\/viieye.lv\/en\/wp-json\/wp\/v2\/product\/775","targetHints":{"allow":["GET"]}}],"collection":[{"href":"https:\/\/viieye.lv\/en\/wp-json\/wp\/v2\/product"}],"about":[{"href":"https:\/\/viieye.lv\/en\/wp-json\/wp\/v2\/types\/product"}],"replies":[{"embeddable":true,"href":"https:\/\/viieye.lv\/en\/wp-json\/wp\/v2\/comments?post=775"}],"wp:featuredmedia":[{"embeddable":true,"href":"https:\/\/viieye.lv\/en\/wp-json\/wp\/v2\/media\/695"}],"wp:attachment":[{"href":"https:\/\/viieye.lv\/en\/wp-json\/wp\/v2\/media?parent=775"}],"wp:term":[{"taxonomy":"product_brand","embeddable":true,"href":"https:\/\/viieye.lv\/en\/wp-json\/wp\/v2\/product_brand?post=775"},{"taxonomy":"product_cat","embeddable":true,"href":"https:\/\/viieye.lv\/en\/wp-json\/wp\/v2\/product_cat?post=775"},{"taxonomy":"product_tag","embeddable":true,"href":"https:\/\/viieye.lv\/en\/wp-json\/wp\/v2\/product_tag?post=775"}],"curies":[{"name":"wp","href":"https:\/\/api.w.org\/{rel}","templated":true}]}}