{"id":778,"date":"2024-01-10T11:45:24","date_gmt":"2024-01-10T08:45:24","guid":{"rendered":"https:\/\/kki.oqk.mybluehost.me\/?post_type=product&#038;p=778"},"modified":"2026-03-09T21:00:10","modified_gmt":"2026-03-09T18:00:10","slug":"digitals-fotoattels","status":"publish","type":"product","link":"https:\/\/viieye.lv\/en\/produkts\/digitals-fotoattels\/","title":{"rendered":"Digital Photo"},"content":{"rendered":"<p>The highest quality digital eye photos in Latvia.<\/p>\n<p>With an individual approach to each client, we take the time to show the most interesting and unique details of your eye.<\/p>\n<p><em>Iris photo size: 4000\u00d74000 pixels<\/em><\/p>","protected":false},"excerpt":{"rendered":"<p>Augst\u0101k\u0101s kvalit\u0101tes digit\u0101lie acu foto Latvij\u0101. Ar individu\u0101lu pieeju katram klientam veltam laiku lai par\u0101d\u012btu pa\u0161as interesant\u0101k\u0101s un unik\u0101l\u0101k\u0101s acs deta\u013cas. Acs foto izm\u0113rs: 4000&#215;4000 pikse\u013ci<\/p>","protected":false},"featured_media":1774,"comment_status":"closed","ping_status":"closed","template":"","meta":{"_kad_post_transparent":"default","_kad_post_title":"","_kad_post_layout":"default","_kad_post_sidebar_id":"","_kad_post_content_style":"default","_kad_post_vertical_padding":"default","_kad_post_feature":"","_kad_post_feature_position":"","_kad_post_header":false,"_kad_post_footer":false,"_kad_post_classname":""},"product_brand":[],"product_cat":[36],"product_tag":[],"class_list":{"0":"post-778","1":"product","2":"type-product","3":"status-publish","4":"has-post-thumbnail","6":"product_cat-gleznas","8":"first","9":"instock","10":"sold-individually","11":"shipping-taxable","12":"purchasable","13":"product-type-variable","14":"entry","15":"content-bg","16":"loop-entry"},"yoast_head":"<!-- This site is optimized with the Yoast SEO plugin v27.3 - https:\/\/yoast.com\/product\/yoast-seo-wordpress\/ -->\n<title>Digit\u0101ls Fotoatt\u0113ls - ViiEye - Acu Foto Studija<\/title>\n<meta name=\"description\" content=\"Augst\u0101k\u0101s kvalit\u0101tes digit\u0101lie acu foto Latvij\u0101. Ar individu\u0101lu pieeju katram klientam veltam laiku lai par\u0101d\u012btu pa\u0161as interesant\u0101k\u0101s un unik\u0101l\u0101k\u0101s acs deta\u013cas.\" \/>\n<meta name=\"robots\" content=\"index, follow, max-snippet:-1, max-image-preview:large, max-video-preview:-1\" \/>\n<link rel=\"canonical\" href=\"http:\/\/viieye.lv\/en\/produkts\/digitals-fotoattels\/\" \/>\n<meta property=\"og:locale\" content=\"en_GB\" \/>\n<meta property=\"og:type\" content=\"article\" \/>\n<meta property=\"og:title\" content=\"Digit\u0101ls Fotoatt\u0113ls - ViiEye - Acu Foto Studija\" \/>\n<meta property=\"og:description\" content=\"Augst\u0101k\u0101s kvalit\u0101tes digit\u0101lie acu foto Latvij\u0101. Ar individu\u0101lu pieeju katram klientam veltam laiku lai par\u0101d\u012btu pa\u0161as interesant\u0101k\u0101s un unik\u0101l\u0101k\u0101s acs deta\u013cas.\" \/>\n<meta property=\"og:url\" content=\"http:\/\/viieye.lv\/en\/produkts\/digitals-fotoattels\/\" \/>\n<meta property=\"og:site_name\" content=\"ViiEye\" \/>\n<meta property=\"article:publisher\" content=\"https:\/\/www.facebook.com\/ViiEyeLV\" \/>\n<meta property=\"article:modified_time\" content=\"2026-03-09T18:00:10+00:00\" \/>\n<meta property=\"og:image\" content=\"http:\/\/viieye.lv\/wp-content\/uploads\/2024\/01\/2.png\" \/>\n\t<meta property=\"og:image:width\" content=\"900\" \/>\n\t<meta property=\"og:image:height\" content=\"600\" \/>\n\t<meta property=\"og:image:type\" content=\"image\/png\" \/>\n<meta name=\"twitter:card\" content=\"summary_large_image\" \/>\n<meta name=\"twitter:label1\" content=\"Estimated reading time\" \/>\n\t<meta name=\"twitter:data1\" content=\"1 minute\" \/>\n<script type=\"application\/ld+json\" class=\"yoast-schema-graph\">{\"@context\":\"https:\\\/\\\/schema.org\",\"@graph\":[{\"@type\":\"WebPage\",\"@id\":\"http:\\\/\\\/viieye.lv\\\/lv\\\/produkts\\\/digitals-fotoattels\\\/\",\"url\":\"http:\\\/\\\/viieye.lv\\\/lv\\\/produkts\\\/digitals-fotoattels\\\/\",\"name\":\"Digit\u0101ls Fotoatt\u0113ls - ViiEye - Acu Foto Studija\",\"isPartOf\":{\"@id\":\"https:\\\/\\\/viieye.lv\\\/lv\\\/#website\"},\"primaryImageOfPage\":{\"@id\":\"http:\\\/\\\/viieye.lv\\\/lv\\\/produkts\\\/digitals-fotoattels\\\/#primaryimage\"},\"image\":{\"@id\":\"http:\\\/\\\/viieye.lv\\\/lv\\\/produkts\\\/digitals-fotoattels\\\/#primaryimage\"},\"thumbnailUrl\":\"https:\\\/\\\/viieye.lv\\\/wp-content\\\/uploads\\\/2024\\\/01\\\/Clash-bez-vardiem.jpg\",\"datePublished\":\"2024-01-10T08:45:24+00:00\",\"dateModified\":\"2026-03-09T18:00:10+00:00\",\"description\":\"Augst\u0101k\u0101s kvalit\u0101tes digit\u0101lie acu foto Latvij\u0101. Ar individu\u0101lu pieeju katram klientam veltam laiku lai par\u0101d\u012btu pa\u0161as interesant\u0101k\u0101s un unik\u0101l\u0101k\u0101s acs deta\u013cas.\",\"breadcrumb\":{\"@id\":\"http:\\\/\\\/viieye.lv\\\/lv\\\/produkts\\\/digitals-fotoattels\\\/#breadcrumb\"},\"inLanguage\":\"en-GB\",\"potentialAction\":[{\"@type\":\"ReadAction\",\"target\":[\"http:\\\/\\\/viieye.lv\\\/lv\\\/produkts\\\/digitals-fotoattels\\\/\"]}]},{\"@type\":\"ImageObject\",\"inLanguage\":\"en-GB\",\"@id\":\"http:\\\/\\\/viieye.lv\\\/lv\\\/produkts\\\/digitals-fotoattels\\\/#primaryimage\",\"url\":\"https:\\\/\\\/viieye.lv\\\/wp-content\\\/uploads\\\/2024\\\/01\\\/Clash-bez-vardiem.jpg\",\"contentUrl\":\"https:\\\/\\\/viieye.lv\\\/wp-content\\\/uploads\\\/2024\\\/01\\\/Clash-bez-vardiem.jpg\",\"width\":1920,\"height\":1280},{\"@type\":\"BreadcrumbList\",\"@id\":\"http:\\\/\\\/viieye.lv\\\/lv\\\/produkts\\\/digitals-fotoattels\\\/#breadcrumb\",\"itemListElement\":[{\"@type\":\"ListItem\",\"position\":1,\"name\":\"Home\",\"item\":\"https:\\\/\\\/viieye.lv\\\/lv\\\/\"},{\"@type\":\"ListItem\",\"position\":2,\"name\":\"Priv\u0101ts: WooComerce Shop\",\"item\":\"https:\\\/\\\/viieye.lv\\\/lv\\\/?page_id=760\"},{\"@type\":\"ListItem\",\"position\":3,\"name\":\"Digit\u0101ls Fotoatt\u0113ls\"}]},{\"@type\":\"WebSite\",\"@id\":\"https:\\\/\\\/viieye.lv\\\/lv\\\/#website\",\"url\":\"https:\\\/\\\/viieye.lv\\\/lv\\\/\",\"name\":\"ViiEye\",\"description\":\"Augst\u0101k\u0101s kvalit\u0101tes acu fotostudija Latvij\u0101\",\"publisher\":{\"@id\":\"https:\\\/\\\/viieye.lv\\\/lv\\\/#organization\"},\"potentialAction\":[{\"@type\":\"SearchAction\",\"target\":{\"@type\":\"EntryPoint\",\"urlTemplate\":\"https:\\\/\\\/viieye.lv\\\/lv\\\/?s={search_term_string}\"},\"query-input\":{\"@type\":\"PropertyValueSpecification\",\"valueRequired\":true,\"valueName\":\"search_term_string\"}}],\"inLanguage\":\"en-GB\"},{\"@type\":\"Organization\",\"@id\":\"https:\\\/\\\/viieye.lv\\\/lv\\\/#organization\",\"name\":\"ViiEye\",\"url\":\"https:\\\/\\\/viieye.lv\\\/lv\\\/\",\"logo\":{\"@type\":\"ImageObject\",\"inLanguage\":\"en-GB\",\"@id\":\"https:\\\/\\\/viieye.lv\\\/lv\\\/#\\\/schema\\\/logo\\\/image\\\/\",\"url\":\"https:\\\/\\\/viieye.lv\\\/wp-content\\\/uploads\\\/2023\\\/09\\\/cropped-Logo-and-Text-transparent-mid.png\",\"contentUrl\":\"https:\\\/\\\/viieye.lv\\\/wp-content\\\/uploads\\\/2023\\\/09\\\/cropped-Logo-and-Text-transparent-mid.png\",\"width\":3363,\"height\":1203,\"caption\":\"ViiEye\"},\"image\":{\"@id\":\"https:\\\/\\\/viieye.lv\\\/lv\\\/#\\\/schema\\\/logo\\\/image\\\/\"},\"sameAs\":[\"https:\\\/\\\/www.facebook.com\\\/ViiEyeLV\",\"https:\\\/\\\/www.tiktok.com\\\/@viieye\",\"https:\\\/\\\/www.instagram.com\\\/viieyelv\\\/\"]}]}<\/script>\n<!-- \/ Yoast SEO plugin. -->","yoast_head_json":{"title":"Digit\u0101ls Fotoatt\u0113ls - ViiEye - Acu Foto Studija","description":"Augst\u0101k\u0101s kvalit\u0101tes digit\u0101lie acu foto Latvij\u0101. Ar individu\u0101lu pieeju katram klientam veltam laiku lai par\u0101d\u012btu pa\u0161as interesant\u0101k\u0101s un unik\u0101l\u0101k\u0101s acs deta\u013cas.","robots":{"index":"index","follow":"follow","max-snippet":"max-snippet:-1","max-image-preview":"max-image-preview:large","max-video-preview":"max-video-preview:-1"},"canonical":"http:\/\/viieye.lv\/en\/produkts\/digitals-fotoattels\/","og_locale":"en_GB","og_type":"article","og_title":"Digit\u0101ls Fotoatt\u0113ls - ViiEye - Acu Foto Studija","og_description":"Augst\u0101k\u0101s kvalit\u0101tes digit\u0101lie acu foto Latvij\u0101. Ar individu\u0101lu pieeju katram klientam veltam laiku lai par\u0101d\u012btu pa\u0161as interesant\u0101k\u0101s un unik\u0101l\u0101k\u0101s acs deta\u013cas.","og_url":"http:\/\/viieye.lv\/en\/produkts\/digitals-fotoattels\/","og_site_name":"ViiEye","article_publisher":"https:\/\/www.facebook.com\/ViiEyeLV","article_modified_time":"2026-03-09T18:00:10+00:00","og_image":[{"width":900,"height":600,"url":"http:\/\/viieye.lv\/wp-content\/uploads\/2024\/01\/2.png","type":"image\/png"}],"twitter_card":"summary_large_image","twitter_misc":{"Estimated reading time":"1 minute"},"schema":{"@context":"https:\/\/schema.org","@graph":[{"@type":"WebPage","@id":"http:\/\/viieye.lv\/lv\/produkts\/digitals-fotoattels\/","url":"http:\/\/viieye.lv\/lv\/produkts\/digitals-fotoattels\/","name":"Digit\u0101ls Fotoatt\u0113ls - ViiEye - Acu Foto Studija","isPartOf":{"@id":"https:\/\/viieye.lv\/lv\/#website"},"primaryImageOfPage":{"@id":"http:\/\/viieye.lv\/lv\/produkts\/digitals-fotoattels\/#primaryimage"},"image":{"@id":"http:\/\/viieye.lv\/lv\/produkts\/digitals-fotoattels\/#primaryimage"},"thumbnailUrl":"https:\/\/viieye.lv\/wp-content\/uploads\/2024\/01\/Clash-bez-vardiem.jpg","datePublished":"2024-01-10T08:45:24+00:00","dateModified":"2026-03-09T18:00:10+00:00","description":"Augst\u0101k\u0101s kvalit\u0101tes digit\u0101lie acu foto Latvij\u0101. Ar individu\u0101lu pieeju katram klientam veltam laiku lai par\u0101d\u012btu pa\u0161as interesant\u0101k\u0101s un unik\u0101l\u0101k\u0101s acs deta\u013cas.","breadcrumb":{"@id":"http:\/\/viieye.lv\/lv\/produkts\/digitals-fotoattels\/#breadcrumb"},"inLanguage":"en-GB","potentialAction":[{"@type":"ReadAction","target":["http:\/\/viieye.lv\/lv\/produkts\/digitals-fotoattels\/"]}]},{"@type":"ImageObject","inLanguage":"en-GB","@id":"http:\/\/viieye.lv\/lv\/produkts\/digitals-fotoattels\/#primaryimage","url":"https:\/\/viieye.lv\/wp-content\/uploads\/2024\/01\/Clash-bez-vardiem.jpg","contentUrl":"https:\/\/viieye.lv\/wp-content\/uploads\/2024\/01\/Clash-bez-vardiem.jpg","width":1920,"height":1280},{"@type":"BreadcrumbList","@id":"http:\/\/viieye.lv\/lv\/produkts\/digitals-fotoattels\/#breadcrumb","itemListElement":[{"@type":"ListItem","position":1,"name":"Home","item":"https:\/\/viieye.lv\/lv\/"},{"@type":"ListItem","position":2,"name":"Priv\u0101ts: WooComerce Shop","item":"https:\/\/viieye.lv\/lv\/?page_id=760"},{"@type":"ListItem","position":3,"name":"Digit\u0101ls Fotoatt\u0113ls"}]},{"@type":"WebSite","@id":"https:\/\/viieye.lv\/lv\/#website","url":"https:\/\/viieye.lv\/lv\/","name":"ViiEye","description":"Augst\u0101k\u0101s kvalit\u0101tes acu fotostudija Latvij\u0101","publisher":{"@id":"https:\/\/viieye.lv\/lv\/#organization"},"potentialAction":[{"@type":"SearchAction","target":{"@type":"EntryPoint","urlTemplate":"https:\/\/viieye.lv\/lv\/?s={search_term_string}"},"query-input":{"@type":"PropertyValueSpecification","valueRequired":true,"valueName":"search_term_string"}}],"inLanguage":"en-GB"},{"@type":"Organization","@id":"https:\/\/viieye.lv\/lv\/#organization","name":"ViiEye","url":"https:\/\/viieye.lv\/lv\/","logo":{"@type":"ImageObject","inLanguage":"en-GB","@id":"https:\/\/viieye.lv\/lv\/#\/schema\/logo\/image\/","url":"https:\/\/viieye.lv\/wp-content\/uploads\/2023\/09\/cropped-Logo-and-Text-transparent-mid.png","contentUrl":"https:\/\/viieye.lv\/wp-content\/uploads\/2023\/09\/cropped-Logo-and-Text-transparent-mid.png","width":3363,"height":1203,"caption":"ViiEye"},"image":{"@id":"https:\/\/viieye.lv\/lv\/#\/schema\/logo\/image\/"},"sameAs":["https:\/\/www.facebook.com\/ViiEyeLV","https:\/\/www.tiktok.com\/@viieye","https:\/\/www.instagram.com\/viieyelv\/"]}]}},"jetpack_sharing_enabled":true,"_links":{"self":[{"href":"https:\/\/viieye.lv\/en\/wp-json\/wp\/v2\/product\/778","targetHints":{"allow":["GET"]}}],"collection":[{"href":"https:\/\/viieye.lv\/en\/wp-json\/wp\/v2\/product"}],"about":[{"href":"https:\/\/viieye.lv\/en\/wp-json\/wp\/v2\/types\/product"}],"replies":[{"embeddable":true,"href":"https:\/\/viieye.lv\/en\/wp-json\/wp\/v2\/comments?post=778"}],"wp:featuredmedia":[{"embeddable":true,"href":"https:\/\/viieye.lv\/en\/wp-json\/wp\/v2\/media\/1774"}],"wp:attachment":[{"href":"https:\/\/viieye.lv\/en\/wp-json\/wp\/v2\/media?parent=778"}],"wp:term":[{"taxonomy":"product_brand","embeddable":true,"href":"https:\/\/viieye.lv\/en\/wp-json\/wp\/v2\/product_brand?post=778"},{"taxonomy":"product_cat","embeddable":true,"href":"https:\/\/viieye.lv\/en\/wp-json\/wp\/v2\/product_cat?post=778"},{"taxonomy":"product_tag","embeddable":true,"href":"https:\/\/viieye.lv\/en\/wp-json\/wp\/v2\/product_tag?post=778"}],"curies":[{"name":"wp","href":"https:\/\/api.w.org\/{rel}","templated":true}]}}