{"id":777,"date":"2024-01-10T11:44:56","date_gmt":"2024-01-10T08:44:56","guid":{"rendered":"https:\/\/kki.oqk.mybluehost.me\/?post_type=product&#038;p=777"},"modified":"2026-03-08T16:16:47","modified_gmt":"2026-03-08T13:16:47","slug":"akrila-glezna","status":"publish","type":"product","link":"https:\/\/viieye.lv\/lv\/produkts\/akrila-glezna\/","title":{"rendered":"Akrila Glezna"},"content":{"rendered":"<p>M\u016bsu sp\u012bd\u012bg\u0101 akrila apdare apvienojum\u0101 ar 7 kr\u0101su UV tie\u0161\u0101s drukas procesu izgaismo j\u016bsu acs varav\u012bksneni \u0101rk\u0101rt\u012bgi bag\u0101t\u012bg\u0101s kr\u0101s\u0101s un rada unik\u0101lu dzi\u013cuma efektu.<\/p>\n<p class=\"sqsrte-small\"><em>Acu fotosesija ir iek\u013cauta cen\u0101<\/em><\/p>\n<p class=\"sqsrte-small\"><em>Sa\u0146emsiet savu varav\u012bksnenes att\u0113lu ar\u012b digit\u0101l\u0101 form\u0101t\u0101<\/em><\/p>\n<p class=\"sqsrte-small\"><em>Ir peejami ar\u012b citi izm\u0113ri un liel\u0101ks acu skaits uz gleznas, lai uzzin\u0101tu cenu sazinieties ar mums!<\/em><\/p>\n","protected":false},"excerpt":{"rendered":"<p>M\u016bsu sp\u012bd\u012bg\u0101 akrila apdare apvienojum\u0101 ar 7 kr\u0101su UV tie\u0161\u0101s drukas procesu izgaismo j\u016bsu acs varav\u012bksneni \u0101rk\u0101rt\u012bgi bag\u0101t\u012bg\u0101s kr\u0101s\u0101s un rada unik\u0101lu dzi\u013cuma efektu. Acu fotosesija ir iek\u013cauta cen\u0101 Sa\u0146emsiet savu varav\u012bksnenes att\u0113lu ar\u012b digit\u0101l\u0101 form\u0101t\u0101 Ir peejami ar\u012b citi izm\u0113ri un liel\u0101ks acu skaits uz gleznas, lai uzzin\u0101tu cenu sazinieties ar mums!<\/p>\n","protected":false},"featured_media":1365,"comment_status":"closed","ping_status":"closed","template":"","meta":{"_kad_post_transparent":"default","_kad_post_title":"","_kad_post_layout":"default","_kad_post_sidebar_id":"","_kad_post_content_style":"default","_kad_post_vertical_padding":"default","_kad_post_feature":"","_kad_post_feature_position":"","_kad_post_header":false,"_kad_post_footer":false,"_kad_post_classname":""},"product_brand":[],"product_cat":[36],"product_tag":[],"class_list":{"0":"post-777","1":"product","2":"type-product","3":"status-publish","4":"has-post-thumbnail","6":"product_cat-gleznas","8":"first","9":"instock","10":"sold-individually","11":"shipping-taxable","12":"purchasable","13":"product-type-variable","14":"entry","15":"content-bg","16":"loop-entry"},"yoast_head":"<!-- This site is optimized with the Yoast SEO plugin v27.3 - https:\/\/yoast.com\/product\/yoast-seo-wordpress\/ -->\n<title>Akrila Glezna - ViiEye - Acu Foto Studija<\/title>\n<meta name=\"description\" content=\"Augstas kvalit\u0101tes acs foto uz akrila gleznas. Akrila apdare izgaismo j\u016bsu acs varav\u012bksneni \u0101rk\u0101rt\u012bgi bag\u0101t\u012bg\u0101s kr\u0101s\u0101s un rada unik\u0101lu dzi\u013cuma efektu.\" \/>\n<meta name=\"robots\" content=\"index, follow, max-snippet:-1, max-image-preview:large, max-video-preview:-1\" \/>\n<link rel=\"canonical\" href=\"https:\/\/viieye.lv\/lv\/produkts\/akrila-glezna\/\" \/>\n<meta property=\"og:locale\" content=\"lv_LV\" \/>\n<meta property=\"og:type\" content=\"article\" \/>\n<meta property=\"og:title\" content=\"Akrila Glezna - ViiEye - Acu Foto Studija\" \/>\n<meta property=\"og:description\" content=\"Augstas kvalit\u0101tes acs foto uz akrila gleznas. Akrila apdare izgaismo j\u016bsu acs varav\u012bksneni \u0101rk\u0101rt\u012bgi bag\u0101t\u012bg\u0101s kr\u0101s\u0101s un rada unik\u0101lu dzi\u013cuma efektu.\" \/>\n<meta property=\"og:url\" content=\"https:\/\/viieye.lv\/lv\/produkts\/akrila-glezna\/\" \/>\n<meta property=\"og:site_name\" content=\"ViiEye\" \/>\n<meta property=\"article:publisher\" content=\"https:\/\/www.facebook.com\/ViiEyeLV\" \/>\n<meta property=\"article:modified_time\" content=\"2026-03-08T13:16:47+00:00\" \/>\n<meta property=\"og:image\" content=\"https:\/\/viieye.lv\/wp-content\/uploads\/2024\/02\/111111.jpg\" \/>\n\t<meta property=\"og:image:width\" content=\"1980\" \/>\n\t<meta property=\"og:image:height\" content=\"1320\" \/>\n\t<meta property=\"og:image:type\" content=\"image\/jpeg\" \/>\n<meta name=\"twitter:card\" content=\"summary_large_image\" \/>\n<meta name=\"twitter:label1\" content=\"Est. reading time\" \/>\n\t<meta name=\"twitter:data1\" content=\"1 min\u016bte\" \/>\n<script type=\"application\/ld+json\" class=\"yoast-schema-graph\">{\"@context\":\"https:\\\/\\\/schema.org\",\"@graph\":[{\"@type\":\"WebPage\",\"@id\":\"https:\\\/\\\/viieye.lv\\\/en\\\/produkts\\\/akrila-glezna\\\/\",\"url\":\"https:\\\/\\\/viieye.lv\\\/en\\\/produkts\\\/akrila-glezna\\\/\",\"name\":\"Akrila Glezna - ViiEye - Acu Foto Studija\",\"isPartOf\":{\"@id\":\"https:\\\/\\\/viieye.lv\\\/lv\\\/#website\"},\"primaryImageOfPage\":{\"@id\":\"https:\\\/\\\/viieye.lv\\\/en\\\/produkts\\\/akrila-glezna\\\/#primaryimage\"},\"image\":{\"@id\":\"https:\\\/\\\/viieye.lv\\\/en\\\/produkts\\\/akrila-glezna\\\/#primaryimage\"},\"thumbnailUrl\":\"https:\\\/\\\/viieye.lv\\\/wp-content\\\/uploads\\\/2024\\\/02\\\/111111.webp\",\"datePublished\":\"2024-01-10T08:44:56+00:00\",\"dateModified\":\"2026-03-08T13:16:47+00:00\",\"description\":\"Augstas kvalit\u0101tes acs foto uz akrila gleznas. Akrila apdare izgaismo j\u016bsu acs varav\u012bksneni \u0101rk\u0101rt\u012bgi bag\u0101t\u012bg\u0101s kr\u0101s\u0101s un rada unik\u0101lu dzi\u013cuma efektu.\",\"breadcrumb\":{\"@id\":\"https:\\\/\\\/viieye.lv\\\/en\\\/produkts\\\/akrila-glezna\\\/#breadcrumb\"},\"inLanguage\":\"lv-LV\",\"potentialAction\":[{\"@type\":\"ReadAction\",\"target\":[\"https:\\\/\\\/viieye.lv\\\/en\\\/produkts\\\/akrila-glezna\\\/\"]}]},{\"@type\":\"ImageObject\",\"inLanguage\":\"lv-LV\",\"@id\":\"https:\\\/\\\/viieye.lv\\\/en\\\/produkts\\\/akrila-glezna\\\/#primaryimage\",\"url\":\"https:\\\/\\\/viieye.lv\\\/wp-content\\\/uploads\\\/2024\\\/02\\\/111111.webp\",\"contentUrl\":\"https:\\\/\\\/viieye.lv\\\/wp-content\\\/uploads\\\/2024\\\/02\\\/111111.webp\",\"width\":1920,\"height\":1280,\"caption\":\"Acs foto uz akrila gleznas\"},{\"@type\":\"BreadcrumbList\",\"@id\":\"https:\\\/\\\/viieye.lv\\\/en\\\/produkts\\\/akrila-glezna\\\/#breadcrumb\",\"itemListElement\":[{\"@type\":\"ListItem\",\"position\":1,\"name\":\"Home\",\"item\":\"https:\\\/\\\/viieye.lv\\\/lv\\\/\"},{\"@type\":\"ListItem\",\"position\":2,\"name\":\"Priv\u0101ts: WooComerce Shop\",\"item\":\"https:\\\/\\\/viieye.lv\\\/lv\\\/?page_id=760\"},{\"@type\":\"ListItem\",\"position\":3,\"name\":\"Akrila Glezna\"}]},{\"@type\":\"WebSite\",\"@id\":\"https:\\\/\\\/viieye.lv\\\/lv\\\/#website\",\"url\":\"https:\\\/\\\/viieye.lv\\\/lv\\\/\",\"name\":\"ViiEye\",\"description\":\"Augst\u0101k\u0101s kvalit\u0101tes acu fotostudija Latvij\u0101\",\"publisher\":{\"@id\":\"https:\\\/\\\/viieye.lv\\\/lv\\\/#organization\"},\"potentialAction\":[{\"@type\":\"SearchAction\",\"target\":{\"@type\":\"EntryPoint\",\"urlTemplate\":\"https:\\\/\\\/viieye.lv\\\/lv\\\/?s={search_term_string}\"},\"query-input\":{\"@type\":\"PropertyValueSpecification\",\"valueRequired\":true,\"valueName\":\"search_term_string\"}}],\"inLanguage\":\"lv-LV\"},{\"@type\":\"Organization\",\"@id\":\"https:\\\/\\\/viieye.lv\\\/lv\\\/#organization\",\"name\":\"ViiEye\",\"url\":\"https:\\\/\\\/viieye.lv\\\/lv\\\/\",\"logo\":{\"@type\":\"ImageObject\",\"inLanguage\":\"lv-LV\",\"@id\":\"https:\\\/\\\/viieye.lv\\\/lv\\\/#\\\/schema\\\/logo\\\/image\\\/\",\"url\":\"https:\\\/\\\/viieye.lv\\\/wp-content\\\/uploads\\\/2023\\\/09\\\/cropped-Logo-and-Text-transparent-mid.png\",\"contentUrl\":\"https:\\\/\\\/viieye.lv\\\/wp-content\\\/uploads\\\/2023\\\/09\\\/cropped-Logo-and-Text-transparent-mid.png\",\"width\":3363,\"height\":1203,\"caption\":\"ViiEye\"},\"image\":{\"@id\":\"https:\\\/\\\/viieye.lv\\\/lv\\\/#\\\/schema\\\/logo\\\/image\\\/\"},\"sameAs\":[\"https:\\\/\\\/www.facebook.com\\\/ViiEyeLV\",\"https:\\\/\\\/www.tiktok.com\\\/@viieye\",\"https:\\\/\\\/www.instagram.com\\\/viieyelv\\\/\"]}]}<\/script>\n<!-- \/ Yoast SEO plugin. -->","yoast_head_json":{"title":"Akrila Glezna - ViiEye - Acu Foto Studija","description":"Augstas kvalit\u0101tes acs foto uz akrila gleznas. Akrila apdare izgaismo j\u016bsu acs varav\u012bksneni \u0101rk\u0101rt\u012bgi bag\u0101t\u012bg\u0101s kr\u0101s\u0101s un rada unik\u0101lu dzi\u013cuma efektu.","robots":{"index":"index","follow":"follow","max-snippet":"max-snippet:-1","max-image-preview":"max-image-preview:large","max-video-preview":"max-video-preview:-1"},"canonical":"https:\/\/viieye.lv\/lv\/produkts\/akrila-glezna\/","og_locale":"lv_LV","og_type":"article","og_title":"Akrila Glezna - ViiEye - Acu Foto Studija","og_description":"Augstas kvalit\u0101tes acs foto uz akrila gleznas. Akrila apdare izgaismo j\u016bsu acs varav\u012bksneni \u0101rk\u0101rt\u012bgi bag\u0101t\u012bg\u0101s kr\u0101s\u0101s un rada unik\u0101lu dzi\u013cuma efektu.","og_url":"https:\/\/viieye.lv\/lv\/produkts\/akrila-glezna\/","og_site_name":"ViiEye","article_publisher":"https:\/\/www.facebook.com\/ViiEyeLV","article_modified_time":"2026-03-08T13:16:47+00:00","og_image":[{"width":1980,"height":1320,"url":"https:\/\/viieye.lv\/wp-content\/uploads\/2024\/02\/111111.jpg","type":"image\/jpeg"}],"twitter_card":"summary_large_image","twitter_misc":{"Est. reading time":"1 min\u016bte"},"schema":{"@context":"https:\/\/schema.org","@graph":[{"@type":"WebPage","@id":"https:\/\/viieye.lv\/en\/produkts\/akrila-glezna\/","url":"https:\/\/viieye.lv\/en\/produkts\/akrila-glezna\/","name":"Akrila Glezna - ViiEye - Acu Foto Studija","isPartOf":{"@id":"https:\/\/viieye.lv\/lv\/#website"},"primaryImageOfPage":{"@id":"https:\/\/viieye.lv\/en\/produkts\/akrila-glezna\/#primaryimage"},"image":{"@id":"https:\/\/viieye.lv\/en\/produkts\/akrila-glezna\/#primaryimage"},"thumbnailUrl":"https:\/\/viieye.lv\/wp-content\/uploads\/2024\/02\/111111.webp","datePublished":"2024-01-10T08:44:56+00:00","dateModified":"2026-03-08T13:16:47+00:00","description":"Augstas kvalit\u0101tes acs foto uz akrila gleznas. Akrila apdare izgaismo j\u016bsu acs varav\u012bksneni \u0101rk\u0101rt\u012bgi bag\u0101t\u012bg\u0101s kr\u0101s\u0101s un rada unik\u0101lu dzi\u013cuma efektu.","breadcrumb":{"@id":"https:\/\/viieye.lv\/en\/produkts\/akrila-glezna\/#breadcrumb"},"inLanguage":"lv-LV","potentialAction":[{"@type":"ReadAction","target":["https:\/\/viieye.lv\/en\/produkts\/akrila-glezna\/"]}]},{"@type":"ImageObject","inLanguage":"lv-LV","@id":"https:\/\/viieye.lv\/en\/produkts\/akrila-glezna\/#primaryimage","url":"https:\/\/viieye.lv\/wp-content\/uploads\/2024\/02\/111111.webp","contentUrl":"https:\/\/viieye.lv\/wp-content\/uploads\/2024\/02\/111111.webp","width":1920,"height":1280,"caption":"Acs foto uz akrila gleznas"},{"@type":"BreadcrumbList","@id":"https:\/\/viieye.lv\/en\/produkts\/akrila-glezna\/#breadcrumb","itemListElement":[{"@type":"ListItem","position":1,"name":"Home","item":"https:\/\/viieye.lv\/lv\/"},{"@type":"ListItem","position":2,"name":"Priv\u0101ts: WooComerce Shop","item":"https:\/\/viieye.lv\/lv\/?page_id=760"},{"@type":"ListItem","position":3,"name":"Akrila Glezna"}]},{"@type":"WebSite","@id":"https:\/\/viieye.lv\/lv\/#website","url":"https:\/\/viieye.lv\/lv\/","name":"ViiEye","description":"Augst\u0101k\u0101s kvalit\u0101tes acu fotostudija Latvij\u0101","publisher":{"@id":"https:\/\/viieye.lv\/lv\/#organization"},"potentialAction":[{"@type":"SearchAction","target":{"@type":"EntryPoint","urlTemplate":"https:\/\/viieye.lv\/lv\/?s={search_term_string}"},"query-input":{"@type":"PropertyValueSpecification","valueRequired":true,"valueName":"search_term_string"}}],"inLanguage":"lv-LV"},{"@type":"Organization","@id":"https:\/\/viieye.lv\/lv\/#organization","name":"ViiEye","url":"https:\/\/viieye.lv\/lv\/","logo":{"@type":"ImageObject","inLanguage":"lv-LV","@id":"https:\/\/viieye.lv\/lv\/#\/schema\/logo\/image\/","url":"https:\/\/viieye.lv\/wp-content\/uploads\/2023\/09\/cropped-Logo-and-Text-transparent-mid.png","contentUrl":"https:\/\/viieye.lv\/wp-content\/uploads\/2023\/09\/cropped-Logo-and-Text-transparent-mid.png","width":3363,"height":1203,"caption":"ViiEye"},"image":{"@id":"https:\/\/viieye.lv\/lv\/#\/schema\/logo\/image\/"},"sameAs":["https:\/\/www.facebook.com\/ViiEyeLV","https:\/\/www.tiktok.com\/@viieye","https:\/\/www.instagram.com\/viieyelv\/"]}]}},"jetpack_sharing_enabled":true,"_links":{"self":[{"href":"https:\/\/viieye.lv\/lv\/wp-json\/wp\/v2\/product\/777","targetHints":{"allow":["GET"]}}],"collection":[{"href":"https:\/\/viieye.lv\/lv\/wp-json\/wp\/v2\/product"}],"about":[{"href":"https:\/\/viieye.lv\/lv\/wp-json\/wp\/v2\/types\/product"}],"replies":[{"embeddable":true,"href":"https:\/\/viieye.lv\/lv\/wp-json\/wp\/v2\/comments?post=777"}],"wp:featuredmedia":[{"embeddable":true,"href":"https:\/\/viieye.lv\/lv\/wp-json\/wp\/v2\/media\/1365"}],"wp:attachment":[{"href":"https:\/\/viieye.lv\/lv\/wp-json\/wp\/v2\/media?parent=777"}],"wp:term":[{"taxonomy":"product_brand","embeddable":true,"href":"https:\/\/viieye.lv\/lv\/wp-json\/wp\/v2\/product_brand?post=777"},{"taxonomy":"product_cat","embeddable":true,"href":"https:\/\/viieye.lv\/lv\/wp-json\/wp\/v2\/product_cat?post=777"},{"taxonomy":"product_tag","embeddable":true,"href":"https:\/\/viieye.lv\/lv\/wp-json\/wp\/v2\/product_tag?post=777"}],"curies":[{"name":"wp","href":"https:\/\/api.w.org\/{rel}","templated":true}]}}