{"id":782,"date":"2024-01-10T11:47:29","date_gmt":"2024-01-10T08:47:29","guid":{"rendered":"https:\/\/kki.oqk.mybluehost.me\/?post_type=product&#038;p=782"},"modified":"2026-03-06T18:43:14","modified_gmt":"2026-03-06T15:43:14","slug":"kazu-ielugumi","status":"publish","type":"product","link":"https:\/\/viieye.lv\/lv\/produkts\/kazu-ielugumi\/","title":{"rendered":"K\u0101zu Iel\u016bgumi"},"content":{"rendered":"<p class=\"\"><em>&#8220;Acis &#8211; dv\u0113seles spogulis&#8221;<\/em>~ Viljams \u0160eksp\u012brs<\/p>\n<p class=\"\">M\u0113s veidojam k\u0101zu iel\u016bgumus, kas J\u016bsu lielajam notikumam pie\u0161\u0137irs unikalit\u0101ti un personaliz\u0101ciju. Dizaina galvenie elementi ir l\u012bgavas un l\u012bgavai\u0146a acu varav\u012bksnenes, kas atspogu\u013cojas m\u0101kslas darb\u0101. Iel\u016bgumu noform\u0113jums tiek veidots, \u0146emot v\u0113r\u0101 j\u016bsu v\u0113lmes un gaumi.<\/p>\n<p class=\"sqsrte-small\"><em>Acu fotosesija ir iek\u013cauta cen\u0101<\/em><\/p>\n<p class=\"sqsrte-small\"><em>Sa\u0146emsiet savu varav\u012bksnenes att\u0113lu ar\u012b digit\u0101l\u0101 form\u0101t\u0101<\/em><\/p>\n","protected":false},"excerpt":{"rendered":"<p>&#8220;Acis &#8211; dv\u0113seles spogulis&#8221;~ Viljams \u0160eksp\u012brs M\u0113s veidojam k\u0101zu iel\u016bgumus, kas J\u016bsu lielajam notikumam pie\u0161\u0137irs unikalit\u0101ti un personaliz\u0101ciju. Dizaina galvenie elementi ir l\u012bgavas un l\u012bgavai\u0146a acu varav\u012bksnenes, kas atspogu\u013cojas m\u0101kslas darb\u0101. Iel\u016bgumu noform\u0113jums tiek veidots, \u0146emot v\u0113r\u0101 j\u016bsu v\u0113lmes un gaumi. Acu fotosesija ir iek\u013cauta cen\u0101 Sa\u0146emsiet savu varav\u012bksnenes att\u0113lu ar\u012b digit\u0101l\u0101 form\u0101t\u0101<\/p>\n","protected":false},"featured_media":715,"comment_status":"closed","ping_status":"closed","template":"","meta":{"_kad_post_transparent":"default","_kad_post_title":"","_kad_post_layout":"default","_kad_post_sidebar_id":"","_kad_post_content_style":"default","_kad_post_vertical_padding":"default","_kad_post_feature":"","_kad_post_feature_position":"","_kad_post_header":false,"_kad_post_footer":false,"_kad_post_classname":""},"product_brand":[],"product_cat":[35],"product_tag":[],"class_list":{"0":"post-782","1":"product","2":"type-product","3":"status-publish","4":"has-post-thumbnail","6":"product_cat-kazu-ielugumi","8":"first","9":"instock","10":"sold-individually","11":"shipping-taxable","12":"product-type-simple","13":"entry","14":"content-bg","15":"loop-entry"},"yoast_head":"<!-- This site is optimized with the Yoast SEO plugin v27.3 - https:\/\/yoast.com\/product\/yoast-seo-wordpress\/ -->\n<title>K\u0101zu Iel\u016bgumi - ViiEye - Acu Foto Studija<\/title>\n<meta name=\"description\" content=\"Dizaina galvenie elementi ir l\u012bgavas un l\u012bgavai\u0146a acu varav\u012bksnenes, kas atspogu\u013cojas m\u0101kslas darb\u0101.\" \/>\n<meta name=\"robots\" content=\"index, follow, max-snippet:-1, max-image-preview:large, max-video-preview:-1\" \/>\n<link rel=\"canonical\" href=\"https:\/\/viieye.lv\/lv\/produkts\/kazu-ielugumi\/\" \/>\n<meta property=\"og:locale\" content=\"lv_LV\" \/>\n<meta property=\"og:type\" content=\"article\" \/>\n<meta property=\"og:title\" content=\"K\u0101zu Iel\u016bgumi - ViiEye - Acu Foto Studija\" \/>\n<meta property=\"og:description\" content=\"Dizaina galvenie elementi ir l\u012bgavas un l\u012bgavai\u0146a acu varav\u012bksnenes, kas atspogu\u013cojas m\u0101kslas darb\u0101.\" \/>\n<meta property=\"og:url\" content=\"https:\/\/viieye.lv\/lv\/produkts\/kazu-ielugumi\/\" \/>\n<meta property=\"og:site_name\" content=\"ViiEye\" \/>\n<meta property=\"article:publisher\" content=\"https:\/\/www.facebook.com\/ViiEyeLV\" \/>\n<meta property=\"article:modified_time\" content=\"2026-03-06T15:43:14+00:00\" \/>\n<meta property=\"og:image\" content=\"https:\/\/viieye.lv\/wp-content\/uploads\/2024\/01\/Acs-Foto-Kazu-Ielugumi-5.jpg\" \/>\n\t<meta property=\"og:image:width\" content=\"1980\" \/>\n\t<meta property=\"og:image:height\" content=\"1320\" \/>\n\t<meta property=\"og:image:type\" content=\"image\/jpeg\" \/>\n<meta name=\"twitter:card\" content=\"summary_large_image\" \/>\n<meta name=\"twitter:label1\" content=\"Est. reading time\" \/>\n\t<meta name=\"twitter:data1\" content=\"1 min\u016bte\" \/>\n<script type=\"application\/ld+json\" class=\"yoast-schema-graph\">{\"@context\":\"https:\\\/\\\/schema.org\",\"@graph\":[{\"@type\":\"WebPage\",\"@id\":\"https:\\\/\\\/viieye.lv\\\/lv\\\/produkts\\\/kazu-ielugumi\\\/\",\"url\":\"https:\\\/\\\/viieye.lv\\\/lv\\\/produkts\\\/kazu-ielugumi\\\/\",\"name\":\"K\u0101zu Iel\u016bgumi - ViiEye - Acu Foto Studija\",\"isPartOf\":{\"@id\":\"https:\\\/\\\/viieye.lv\\\/lv\\\/#website\"},\"primaryImageOfPage\":{\"@id\":\"https:\\\/\\\/viieye.lv\\\/lv\\\/produkts\\\/kazu-ielugumi\\\/#primaryimage\"},\"image\":{\"@id\":\"https:\\\/\\\/viieye.lv\\\/lv\\\/produkts\\\/kazu-ielugumi\\\/#primaryimage\"},\"thumbnailUrl\":\"https:\\\/\\\/viieye.lv\\\/wp-content\\\/uploads\\\/2024\\\/01\\\/Acs-Foto-Kazu-Ielugumi-5.webp\",\"datePublished\":\"2024-01-10T08:47:29+00:00\",\"dateModified\":\"2026-03-06T15:43:14+00:00\",\"description\":\"Dizaina galvenie elementi ir l\u012bgavas un l\u012bgavai\u0146a acu varav\u012bksnenes, kas atspogu\u013cojas m\u0101kslas darb\u0101.\",\"breadcrumb\":{\"@id\":\"https:\\\/\\\/viieye.lv\\\/lv\\\/produkts\\\/kazu-ielugumi\\\/#breadcrumb\"},\"inLanguage\":\"lv-LV\",\"potentialAction\":[{\"@type\":\"ReadAction\",\"target\":[\"https:\\\/\\\/viieye.lv\\\/lv\\\/produkts\\\/kazu-ielugumi\\\/\"]}]},{\"@type\":\"ImageObject\",\"inLanguage\":\"lv-LV\",\"@id\":\"https:\\\/\\\/viieye.lv\\\/lv\\\/produkts\\\/kazu-ielugumi\\\/#primaryimage\",\"url\":\"https:\\\/\\\/viieye.lv\\\/wp-content\\\/uploads\\\/2024\\\/01\\\/Acs-Foto-Kazu-Ielugumi-5.webp\",\"contentUrl\":\"https:\\\/\\\/viieye.lv\\\/wp-content\\\/uploads\\\/2024\\\/01\\\/Acs-Foto-Kazu-Ielugumi-5.webp\",\"width\":1920,\"height\":1280,\"caption\":\"Acs foto k\u0101zu iel\u016bgumi\"},{\"@type\":\"BreadcrumbList\",\"@id\":\"https:\\\/\\\/viieye.lv\\\/lv\\\/produkts\\\/kazu-ielugumi\\\/#breadcrumb\",\"itemListElement\":[{\"@type\":\"ListItem\",\"position\":1,\"name\":\"Home\",\"item\":\"https:\\\/\\\/viieye.lv\\\/lv\\\/\"},{\"@type\":\"ListItem\",\"position\":2,\"name\":\"Priv\u0101ts: WooComerce Shop\",\"item\":\"https:\\\/\\\/viieye.lv\\\/lv\\\/?page_id=760\"},{\"@type\":\"ListItem\",\"position\":3,\"name\":\"K\u0101zu Iel\u016bgumi\"}]},{\"@type\":\"WebSite\",\"@id\":\"https:\\\/\\\/viieye.lv\\\/lv\\\/#website\",\"url\":\"https:\\\/\\\/viieye.lv\\\/lv\\\/\",\"name\":\"ViiEye\",\"description\":\"Augst\u0101k\u0101s kvalit\u0101tes acu fotostudija Latvij\u0101\",\"publisher\":{\"@id\":\"https:\\\/\\\/viieye.lv\\\/lv\\\/#organization\"},\"potentialAction\":[{\"@type\":\"SearchAction\",\"target\":{\"@type\":\"EntryPoint\",\"urlTemplate\":\"https:\\\/\\\/viieye.lv\\\/lv\\\/?s={search_term_string}\"},\"query-input\":{\"@type\":\"PropertyValueSpecification\",\"valueRequired\":true,\"valueName\":\"search_term_string\"}}],\"inLanguage\":\"lv-LV\"},{\"@type\":\"Organization\",\"@id\":\"https:\\\/\\\/viieye.lv\\\/lv\\\/#organization\",\"name\":\"ViiEye\",\"url\":\"https:\\\/\\\/viieye.lv\\\/lv\\\/\",\"logo\":{\"@type\":\"ImageObject\",\"inLanguage\":\"lv-LV\",\"@id\":\"https:\\\/\\\/viieye.lv\\\/lv\\\/#\\\/schema\\\/logo\\\/image\\\/\",\"url\":\"https:\\\/\\\/viieye.lv\\\/wp-content\\\/uploads\\\/2023\\\/09\\\/cropped-Logo-and-Text-transparent-mid.png\",\"contentUrl\":\"https:\\\/\\\/viieye.lv\\\/wp-content\\\/uploads\\\/2023\\\/09\\\/cropped-Logo-and-Text-transparent-mid.png\",\"width\":3363,\"height\":1203,\"caption\":\"ViiEye\"},\"image\":{\"@id\":\"https:\\\/\\\/viieye.lv\\\/lv\\\/#\\\/schema\\\/logo\\\/image\\\/\"},\"sameAs\":[\"https:\\\/\\\/www.facebook.com\\\/ViiEyeLV\",\"https:\\\/\\\/www.tiktok.com\\\/@viieye\",\"https:\\\/\\\/www.instagram.com\\\/viieyelv\\\/\"]}]}<\/script>\n<!-- \/ Yoast SEO plugin. -->","yoast_head_json":{"title":"K\u0101zu Iel\u016bgumi - ViiEye - Acu Foto Studija","description":"Dizaina galvenie elementi ir l\u012bgavas un l\u012bgavai\u0146a acu varav\u012bksnenes, kas atspogu\u013cojas m\u0101kslas darb\u0101.","robots":{"index":"index","follow":"follow","max-snippet":"max-snippet:-1","max-image-preview":"max-image-preview:large","max-video-preview":"max-video-preview:-1"},"canonical":"https:\/\/viieye.lv\/lv\/produkts\/kazu-ielugumi\/","og_locale":"lv_LV","og_type":"article","og_title":"K\u0101zu Iel\u016bgumi - ViiEye - Acu Foto Studija","og_description":"Dizaina galvenie elementi ir l\u012bgavas un l\u012bgavai\u0146a acu varav\u012bksnenes, kas atspogu\u013cojas m\u0101kslas darb\u0101.","og_url":"https:\/\/viieye.lv\/lv\/produkts\/kazu-ielugumi\/","og_site_name":"ViiEye","article_publisher":"https:\/\/www.facebook.com\/ViiEyeLV","article_modified_time":"2026-03-06T15:43:14+00:00","og_image":[{"width":1980,"height":1320,"url":"https:\/\/viieye.lv\/wp-content\/uploads\/2024\/01\/Acs-Foto-Kazu-Ielugumi-5.jpg","type":"image\/jpeg"}],"twitter_card":"summary_large_image","twitter_misc":{"Est. reading time":"1 min\u016bte"},"schema":{"@context":"https:\/\/schema.org","@graph":[{"@type":"WebPage","@id":"https:\/\/viieye.lv\/lv\/produkts\/kazu-ielugumi\/","url":"https:\/\/viieye.lv\/lv\/produkts\/kazu-ielugumi\/","name":"K\u0101zu Iel\u016bgumi - ViiEye - Acu Foto Studija","isPartOf":{"@id":"https:\/\/viieye.lv\/lv\/#website"},"primaryImageOfPage":{"@id":"https:\/\/viieye.lv\/lv\/produkts\/kazu-ielugumi\/#primaryimage"},"image":{"@id":"https:\/\/viieye.lv\/lv\/produkts\/kazu-ielugumi\/#primaryimage"},"thumbnailUrl":"https:\/\/viieye.lv\/wp-content\/uploads\/2024\/01\/Acs-Foto-Kazu-Ielugumi-5.webp","datePublished":"2024-01-10T08:47:29+00:00","dateModified":"2026-03-06T15:43:14+00:00","description":"Dizaina galvenie elementi ir l\u012bgavas un l\u012bgavai\u0146a acu varav\u012bksnenes, kas atspogu\u013cojas m\u0101kslas darb\u0101.","breadcrumb":{"@id":"https:\/\/viieye.lv\/lv\/produkts\/kazu-ielugumi\/#breadcrumb"},"inLanguage":"lv-LV","potentialAction":[{"@type":"ReadAction","target":["https:\/\/viieye.lv\/lv\/produkts\/kazu-ielugumi\/"]}]},{"@type":"ImageObject","inLanguage":"lv-LV","@id":"https:\/\/viieye.lv\/lv\/produkts\/kazu-ielugumi\/#primaryimage","url":"https:\/\/viieye.lv\/wp-content\/uploads\/2024\/01\/Acs-Foto-Kazu-Ielugumi-5.webp","contentUrl":"https:\/\/viieye.lv\/wp-content\/uploads\/2024\/01\/Acs-Foto-Kazu-Ielugumi-5.webp","width":1920,"height":1280,"caption":"Acs foto k\u0101zu iel\u016bgumi"},{"@type":"BreadcrumbList","@id":"https:\/\/viieye.lv\/lv\/produkts\/kazu-ielugumi\/#breadcrumb","itemListElement":[{"@type":"ListItem","position":1,"name":"Home","item":"https:\/\/viieye.lv\/lv\/"},{"@type":"ListItem","position":2,"name":"Priv\u0101ts: WooComerce Shop","item":"https:\/\/viieye.lv\/lv\/?page_id=760"},{"@type":"ListItem","position":3,"name":"K\u0101zu Iel\u016bgumi"}]},{"@type":"WebSite","@id":"https:\/\/viieye.lv\/lv\/#website","url":"https:\/\/viieye.lv\/lv\/","name":"ViiEye","description":"Augst\u0101k\u0101s kvalit\u0101tes acu fotostudija Latvij\u0101","publisher":{"@id":"https:\/\/viieye.lv\/lv\/#organization"},"potentialAction":[{"@type":"SearchAction","target":{"@type":"EntryPoint","urlTemplate":"https:\/\/viieye.lv\/lv\/?s={search_term_string}"},"query-input":{"@type":"PropertyValueSpecification","valueRequired":true,"valueName":"search_term_string"}}],"inLanguage":"lv-LV"},{"@type":"Organization","@id":"https:\/\/viieye.lv\/lv\/#organization","name":"ViiEye","url":"https:\/\/viieye.lv\/lv\/","logo":{"@type":"ImageObject","inLanguage":"lv-LV","@id":"https:\/\/viieye.lv\/lv\/#\/schema\/logo\/image\/","url":"https:\/\/viieye.lv\/wp-content\/uploads\/2023\/09\/cropped-Logo-and-Text-transparent-mid.png","contentUrl":"https:\/\/viieye.lv\/wp-content\/uploads\/2023\/09\/cropped-Logo-and-Text-transparent-mid.png","width":3363,"height":1203,"caption":"ViiEye"},"image":{"@id":"https:\/\/viieye.lv\/lv\/#\/schema\/logo\/image\/"},"sameAs":["https:\/\/www.facebook.com\/ViiEyeLV","https:\/\/www.tiktok.com\/@viieye","https:\/\/www.instagram.com\/viieyelv\/"]}]}},"jetpack_sharing_enabled":true,"_links":{"self":[{"href":"https:\/\/viieye.lv\/lv\/wp-json\/wp\/v2\/product\/782","targetHints":{"allow":["GET"]}}],"collection":[{"href":"https:\/\/viieye.lv\/lv\/wp-json\/wp\/v2\/product"}],"about":[{"href":"https:\/\/viieye.lv\/lv\/wp-json\/wp\/v2\/types\/product"}],"replies":[{"embeddable":true,"href":"https:\/\/viieye.lv\/lv\/wp-json\/wp\/v2\/comments?post=782"}],"wp:featuredmedia":[{"embeddable":true,"href":"https:\/\/viieye.lv\/lv\/wp-json\/wp\/v2\/media\/715"}],"wp:attachment":[{"href":"https:\/\/viieye.lv\/lv\/wp-json\/wp\/v2\/media?parent=782"}],"wp:term":[{"taxonomy":"product_brand","embeddable":true,"href":"https:\/\/viieye.lv\/lv\/wp-json\/wp\/v2\/product_brand?post=782"},{"taxonomy":"product_cat","embeddable":true,"href":"https:\/\/viieye.lv\/lv\/wp-json\/wp\/v2\/product_cat?post=782"},{"taxonomy":"product_tag","embeddable":true,"href":"https:\/\/viieye.lv\/lv\/wp-json\/wp\/v2\/product_tag?post=782"}],"curies":[{"name":"wp","href":"https:\/\/api.w.org\/{rel}","templated":true}]}}